{"id":12,"date":"2021-12-21T12:02:44","date_gmt":"2021-12-21T11:02:44","guid":{"rendered":"https:\/\/zibp.nuspirit.de\/zentrum\/?page_id=12"},"modified":"2022-08-08T12:50:54","modified_gmt":"2022-08-08T10:50:54","slug":"jobs","status":"publish","type":"page","link":"https:\/\/zfi-berlin.de\/zentrum\/jobs\/","title":{"rendered":"Jobs"},"content":{"rendered":"\t\t<div data-elementor-type=\"wp-page\" data-elementor-id=\"12\" class=\"elementor elementor-12\" data-elementor-post-type=\"page\">\n\t\t\t\t\t\t<section class=\"elementor-section elementor-top-section elementor-element elementor-element-092fc40 elementor-section-height-min-height elementor-hidden-mobile elementor-section-boxed elementor-section-height-default elementor-section-items-middle qodef-elementor-content-no\" data-id=\"092fc40\" data-element_type=\"section\" data-e-type=\"section\" data-settings=\"{&quot;background_background&quot;:&quot;classic&quot;}\">\n\t\t\t\t\t\t\t<div class=\"elementor-background-overlay\"><\/div>\n\t\t\t\t\t\t\t<div class=\"elementor-container elementor-column-gap-default\">\n\t\t\t\t\t<div class=\"elementor-column elementor-col-100 elementor-top-column elementor-element elementor-element-40fb2f2\" data-id=\"40fb2f2\" data-element_type=\"column\" data-e-type=\"column\">\n\t\t\t<div class=\"elementor-widget-wrap elementor-element-populated\">\n\t\t\t\t\t\t<div class=\"elementor-element elementor-element-074f089 elementor-widget elementor-widget-spacer\" data-id=\"074f089\" data-element_type=\"widget\" data-e-type=\"widget\" data-widget_type=\"spacer.default\">\n\t\t\t\t<div class=\"elementor-widget-container\">\n\t\t\t\t\t\t\t<div class=\"elementor-spacer\">\n\t\t\t<div class=\"elementor-spacer-inner\"><\/div>\n\t\t<\/div>\n\t\t\t\t\t\t<\/div>\n\t\t\t\t<\/div>\n\t\t\t\t<div class=\"elementor-element elementor-element-d2ee192 elementor-widget elementor-widget-spacer\" data-id=\"d2ee192\" data-element_type=\"widget\" data-e-type=\"widget\" data-widget_type=\"spacer.default\">\n\t\t\t\t<div class=\"elementor-widget-container\">\n\t\t\t\t\t\t\t<div class=\"elementor-spacer\">\n\t\t\t<div class=\"elementor-spacer-inner\"><\/div>\n\t\t<\/div>\n\t\t\t\t\t\t<\/div>\n\t\t\t\t<\/div>\n\t\t\t\t<div class=\"elementor-element elementor-element-9da9b69 elementor-widget elementor-widget-heading\" data-id=\"9da9b69\" data-element_type=\"widget\" data-e-type=\"widget\" data-widget_type=\"heading.default\">\n\t\t\t\t<div class=\"elementor-widget-container\">\n\t\t\t\t\t<h1 class=\"elementor-heading-title elementor-size-default\">Arbeiten im Zentrum<br>f\u00fcr Infektiologie<\/h1>\t\t\t\t<\/div>\n\t\t\t\t<\/div>\n\t\t\t\t\t<\/div>\n\t\t<\/div>\n\t\t\t\t\t<\/div>\n\t\t<\/section>\n\t\t\t\t<section class=\"elementor-section elementor-top-section elementor-element elementor-element-547eead elementor-section-height-min-height elementor-hidden-desktop elementor-hidden-tablet elementor-section-boxed elementor-section-height-default elementor-section-items-middle qodef-elementor-content-no\" data-id=\"547eead\" data-element_type=\"section\" data-e-type=\"section\" data-settings=\"{&quot;background_background&quot;:&quot;classic&quot;}\">\n\t\t\t\t\t\t\t<div class=\"elementor-background-overlay\"><\/div>\n\t\t\t\t\t\t\t<div class=\"elementor-container elementor-column-gap-default\">\n\t\t\t\t\t<div class=\"elementor-column elementor-col-100 elementor-top-column elementor-element elementor-element-968ccfc\" data-id=\"968ccfc\" data-element_type=\"column\" data-e-type=\"column\">\n\t\t\t<div class=\"elementor-widget-wrap elementor-element-populated\">\n\t\t\t\t\t\t<div class=\"elementor-element elementor-element-f96401d elementor-widget elementor-widget-spacer\" data-id=\"f96401d\" data-element_type=\"widget\" data-e-type=\"widget\" data-widget_type=\"spacer.default\">\n\t\t\t\t<div class=\"elementor-widget-container\">\n\t\t\t\t\t\t\t<div class=\"elementor-spacer\">\n\t\t\t<div class=\"elementor-spacer-inner\"><\/div>\n\t\t<\/div>\n\t\t\t\t\t\t<\/div>\n\t\t\t\t<\/div>\n\t\t\t\t<div class=\"elementor-element elementor-element-c67a0ff elementor-widget elementor-widget-heading\" data-id=\"c67a0ff\" data-element_type=\"widget\" data-e-type=\"widget\" data-widget_type=\"heading.default\">\n\t\t\t\t<div class=\"elementor-widget-container\">\n\t\t\t\t\t<h1 class=\"elementor-heading-title elementor-size-default\">Arbeiten im Zentrum<br>f\u00fcr Infektiologie<\/h1>\t\t\t\t<\/div>\n\t\t\t\t<\/div>\n\t\t\t\t<div class=\"elementor-element elementor-element-aac724d elementor-widget elementor-widget-spacer\" data-id=\"aac724d\" data-element_type=\"widget\" data-e-type=\"widget\" data-widget_type=\"spacer.default\">\n\t\t\t\t<div class=\"elementor-widget-container\">\n\t\t\t\t\t\t\t<div class=\"elementor-spacer\">\n\t\t\t<div class=\"elementor-spacer-inner\"><\/div>\n\t\t<\/div>\n\t\t\t\t\t\t<\/div>\n\t\t\t\t<\/div>\n\t\t\t\t\t<\/div>\n\t\t<\/div>\n\t\t\t\t\t<\/div>\n\t\t<\/section>\n\t\t\t\t<section class=\"elementor-section elementor-top-section elementor-element elementor-element-fd49d7b elementor-section-boxed elementor-section-height-default elementor-section-height-default qodef-elementor-content-no\" data-id=\"fd49d7b\" data-element_type=\"section\" data-e-type=\"section\">\n\t\t\t\t\t\t<div class=\"elementor-container elementor-column-gap-default\">\n\t\t\t\t\t<div class=\"elementor-column elementor-col-100 elementor-top-column elementor-element elementor-element-94787fa\" data-id=\"94787fa\" data-element_type=\"column\" data-e-type=\"column\">\n\t\t\t<div class=\"elementor-widget-wrap elementor-element-populated\">\n\t\t\t\t\t\t<div class=\"elementor-element elementor-element-a707419 elementor-widget elementor-widget-spacer\" data-id=\"a707419\" data-element_type=\"widget\" data-e-type=\"widget\" data-widget_type=\"spacer.default\">\n\t\t\t\t<div class=\"elementor-widget-container\">\n\t\t\t\t\t\t\t<div class=\"elementor-spacer\">\n\t\t\t<div class=\"elementor-spacer-inner\"><\/div>\n\t\t<\/div>\n\t\t\t\t\t\t<\/div>\n\t\t\t\t<\/div>\n\t\t\t\t<div class=\"elementor-element elementor-element-df4f53d elementor-widget elementor-widget-text-editor\" data-id=\"df4f53d\" data-element_type=\"widget\" data-e-type=\"widget\" data-widget_type=\"text-editor.default\">\n\t\t\t\t<div class=\"elementor-widget-container\">\n\t\t\t\t\t\t\t\t\t<p>Wir sind ein facettenreiches Team aus \u00c4rtz:innen, Medizinischen Fachangestellten und Sachbearbeiter:innen f\u00fcr Verwaltung. Unser Schwerpunkt liegt auf infektiologischen Krankheitsbildern, insbesondere HIV\/AIDS und Hepatitis. Gemeinsam mit Ihnen wollen wir den medizinischen Fortschritt vorantreiben und eine bestm\u00f6gliche, den Patient:innen zugewandte Versorgung gew\u00e4hrleisten. Dabei legen wir Wert auf einen interdisziplin\u00e4ren Austausch der einzelnen Fachbereiche und die fachliche Entwicklung aller Mitarbeitenden.<\/p><p>Als Akademische Lehrpraxis der Charit\u00e9 Berlin k\u00f6nnen wir Student:innen der entsprechenden Studieng\u00e4nge Fachpraktika im Zentrum f\u00fcr Infektiologie anbieten.<\/p><p>Bitte richten Sie Ihre Bewerbung an: <a href=\"mailto:bewerbung@zfi-berlin.de\">bewerbung@zfi-berlin.de<\/a><\/p>\t\t\t\t\t\t\t\t<\/div>\n\t\t\t\t<\/div>\n\t\t\t\t<div class=\"elementor-element elementor-element-bffc61c elementor-widget elementor-widget-text-editor\" data-id=\"bffc61c\" data-element_type=\"widget\" data-e-type=\"widget\" data-widget_type=\"text-editor.default\">\n\t\t\t\t<div class=\"elementor-widget-container\">\n\t\t\t\t\t\t\t\t\t<p><strong>Ansprechpartnerin<\/strong><\/p><p>Simone Lisy<br \/>Verwaltungsleitung<br \/>Telefon: <a href=\"tel:+4930233212571\">(030) 233 212\u2013571<\/a><br \/>E-Mail:<a href=\"mailto:lisy@zfi-berlin.de\"> lisy@zfi-berlin.de<\/a><\/p>\t\t\t\t\t\t\t\t<\/div>\n\t\t\t\t<\/div>\n\t\t\t\t<div class=\"elementor-element elementor-element-32d4389 elementor-widget elementor-widget-spacer\" data-id=\"32d4389\" data-element_type=\"widget\" data-e-type=\"widget\" data-widget_type=\"spacer.default\">\n\t\t\t\t<div class=\"elementor-widget-container\">\n\t\t\t\t\t\t\t<div class=\"elementor-spacer\">\n\t\t\t<div class=\"elementor-spacer-inner\"><\/div>\n\t\t<\/div>\n\t\t\t\t\t\t<\/div>\n\t\t\t\t<\/div>\n\t\t\t\t\t<\/div>\n\t\t<\/div>\n\t\t\t\t\t<\/div>\n\t\t<\/section>\n\t\t\t\t<section class=\"elementor-section elementor-top-section elementor-element elementor-element-2b4d3d3 elementor-section-boxed elementor-section-height-default elementor-section-height-default qodef-elementor-content-no\" data-id=\"2b4d3d3\" data-element_type=\"section\" data-e-type=\"section\" data-settings=\"{&quot;background_background&quot;:&quot;classic&quot;}\">\n\t\t\t\t\t\t<div class=\"elementor-container elementor-column-gap-default\">\n\t\t\t\t\t<div class=\"elementor-column elementor-col-100 elementor-top-column elementor-element elementor-element-e640bb9\" data-id=\"e640bb9\" data-element_type=\"column\" data-e-type=\"column\">\n\t\t\t<div class=\"elementor-widget-wrap elementor-element-populated\">\n\t\t\t\t\t\t<div class=\"elementor-element elementor-element-acd3f72 elementor-widget elementor-widget-heading\" data-id=\"acd3f72\" data-element_type=\"widget\" data-e-type=\"widget\" data-widget_type=\"heading.default\">\n\t\t\t\t<div class=\"elementor-widget-container\">\n\t\t\t\t\t<h2 class=\"elementor-heading-title elementor-size-default\">Unsere offenen Stellen<\/h2>\t\t\t\t<\/div>\n\t\t\t\t<\/div>\n\t\t\t\t<div class=\"elementor-element elementor-element-4ef2875 elementor-widget elementor-widget-text-editor\" data-id=\"4ef2875\" data-element_type=\"widget\" data-e-type=\"widget\" data-widget_type=\"text-editor.default\">\n\t\t\t\t<div class=\"elementor-widget-container\">\n\t\t\t\t\t\t\t\t\t<p>Derzeit haben wir keine offenen Stellen im Zentrum f\u00fcr Infektiologie.<\/p><p>Wir freuen uns allerdings \u00fcber Initiativbewerbungen. Bitte richten Sie diese an die oben genannte Ansprechpartnerin.\u00a0<\/p>\t\t\t\t\t\t\t\t<\/div>\n\t\t\t\t<\/div>\n\t\t\t\t<div class=\"elementor-element elementor-element-ceb8e85 elementor-widget elementor-widget-spacer\" data-id=\"ceb8e85\" data-element_type=\"widget\" data-e-type=\"widget\" data-widget_type=\"spacer.default\">\n\t\t\t\t<div class=\"elementor-widget-container\">\n\t\t\t\t\t\t\t<div class=\"elementor-spacer\">\n\t\t\t<div class=\"elementor-spacer-inner\"><\/div>\n\t\t<\/div>\n\t\t\t\t\t\t<\/div>\n\t\t\t\t<\/div>\n\t\t\t\t\t<\/div>\n\t\t<\/div>\n\t\t\t\t\t<\/div>\n\t\t<\/section>\n\t\t\t\t<section class=\"elementor-section elementor-top-section elementor-element elementor-element-d6cf424 elementor-section-boxed elementor-section-height-default elementor-section-height-default qodef-elementor-content-no\" data-id=\"d6cf424\" data-element_type=\"section\" data-e-type=\"section\">\n\t\t\t\t\t\t<div class=\"elementor-container elementor-column-gap-default\">\n\t\t\t\t\t<div class=\"elementor-column elementor-col-100 elementor-top-column elementor-element elementor-element-d306242\" data-id=\"d306242\" data-element_type=\"column\" data-e-type=\"column\">\n\t\t\t<div class=\"elementor-widget-wrap elementor-element-populated\">\n\t\t\t\t\t\t<div class=\"elementor-element elementor-element-ce5b824 elementor-widget elementor-widget-spacer\" data-id=\"ce5b824\" data-element_type=\"widget\" data-e-type=\"widget\" data-widget_type=\"spacer.default\">\n\t\t\t\t<div class=\"elementor-widget-container\">\n\t\t\t\t\t\t\t<div class=\"elementor-spacer\">\n\t\t\t<div class=\"elementor-spacer-inner\"><\/div>\n\t\t<\/div>\n\t\t\t\t\t\t<\/div>\n\t\t\t\t<\/div>\n\t\t\t\t<div class=\"elementor-element elementor-element-fc46c37 elementor-widget elementor-widget-heading\" data-id=\"fc46c37\" data-element_type=\"widget\" data-e-type=\"widget\" data-widget_type=\"heading.default\">\n\t\t\t\t<div class=\"elementor-widget-container\">\n\t\t\t\t\t<h2 class=\"elementor-heading-title elementor-size-default\">Was wir bieten<\/h2>\t\t\t\t<\/div>\n\t\t\t\t<\/div>\n\t\t\t\t<div class=\"elementor-element elementor-element-b2cb8ad elementor-widget elementor-widget-text-editor\" data-id=\"b2cb8ad\" data-element_type=\"widget\" data-e-type=\"widget\" data-widget_type=\"text-editor.default\">\n\t\t\t\t<div class=\"elementor-widget-container\">\n\t\t\t\t\t\t\t\t\t<ul><li>spannendes Arbeitsumfeld<\/li><li>breites medizinisches Behandlungsspektrum<\/li><li>gro\u00dfes, interdisziplin\u00e4res Team<\/li><li>moderne, wissenschaftsbasierte Medizin, die von unseren Studien begleitet wird<\/li><li>M\u00f6glichkeit, individuelle Schwerpunkte zu entwickeln<\/li><li>keine Nachtschichten oder Wochenenddienste im Labor<\/li><\/ul>\t\t\t\t\t\t\t\t<\/div>\n\t\t\t\t<\/div>\n\t\t\t\t\t<\/div>\n\t\t<\/div>\n\t\t\t\t\t<\/div>\n\t\t<\/section>\n\t\t\t\t<section class=\"elementor-section elementor-top-section elementor-element elementor-element-b5d59c8 elementor-hidden-desktop elementor-hidden-tablet elementor-hidden-mobile elementor-section-boxed elementor-section-height-default elementor-section-height-default qodef-elementor-content-no\" data-id=\"b5d59c8\" data-element_type=\"section\" data-e-type=\"section\">\n\t\t\t\t\t\t<div class=\"elementor-container elementor-column-gap-default\">\n\t\t\t\t\t<div class=\"elementor-column elementor-col-100 elementor-top-column elementor-element elementor-element-a34495c\" data-id=\"a34495c\" data-element_type=\"column\" data-e-type=\"column\">\n\t\t\t<div class=\"elementor-widget-wrap elementor-element-populated\">\n\t\t\t\t\t\t<div class=\"elementor-element elementor-element-c249a8b elementor-widget elementor-widget-spacer\" data-id=\"c249a8b\" data-element_type=\"widget\" data-e-type=\"widget\" data-widget_type=\"spacer.default\">\n\t\t\t\t<div class=\"elementor-widget-container\">\n\t\t\t\t\t\t\t<div class=\"elementor-spacer\">\n\t\t\t<div class=\"elementor-spacer-inner\"><\/div>\n\t\t<\/div>\n\t\t\t\t\t\t<\/div>\n\t\t\t\t<\/div>\n\t\t\t\t<div class=\"elementor-element elementor-element-0fa390f elementor-widget elementor-widget-heading\" data-id=\"0fa390f\" data-element_type=\"widget\" data-e-type=\"widget\" data-widget_type=\"heading.default\">\n\t\t\t\t<div class=\"elementor-widget-container\">\n\t\t\t\t\t<h2 class=\"elementor-heading-title elementor-size-default\">Das sagen unsere Mitarbeiter:innen<\/h2>\t\t\t\t<\/div>\n\t\t\t\t<\/div>\n\t\t\t\t<section class=\"elementor-section elementor-inner-section elementor-element elementor-element-6a163ef elementor-reverse-mobile elementor-section-boxed elementor-section-height-default elementor-section-height-default qodef-elementor-content-no\" data-id=\"6a163ef\" data-element_type=\"section\" data-e-type=\"section\">\n\t\t\t\t\t\t<div class=\"elementor-container elementor-column-gap-default\">\n\t\t\t\t\t<div class=\"elementor-column elementor-col-50 elementor-inner-column elementor-element elementor-element-3d5c99e\" data-id=\"3d5c99e\" data-element_type=\"column\" data-e-type=\"column\">\n\t\t\t<div class=\"elementor-widget-wrap elementor-element-populated\">\n\t\t\t\t\t\t<div class=\"elementor-element elementor-element-ae071bf elementor-widget elementor-widget-heading\" data-id=\"ae071bf\" data-element_type=\"widget\" data-e-type=\"widget\" data-widget_type=\"heading.default\">\n\t\t\t\t<div class=\"elementor-widget-container\">\n\t\t\t\t\t<div class=\"elementor-heading-title elementor-size-default\">Lorem ipsum dolor sit amed, conseteteur sadipscing, elitr, sed diam nonumy eirmod tempor invidunt ut labore et dolore magna aliquayam erat, set diam voluptura.<\/div>\t\t\t\t<\/div>\n\t\t\t\t<\/div>\n\t\t\t\t<div class=\"elementor-element elementor-element-ede08ef elementor-widget elementor-widget-text-editor\" data-id=\"ede08ef\" data-element_type=\"widget\" data-e-type=\"widget\" data-widget_type=\"text-editor.default\">\n\t\t\t\t<div class=\"elementor-widget-container\">\n\t\t\t\t\t\t\t\t\t<p>Prof. Dr. Mockup<\/p>\t\t\t\t\t\t\t\t<\/div>\n\t\t\t\t<\/div>\n\t\t\t\t\t<\/div>\n\t\t<\/div>\n\t\t\t\t<div class=\"elementor-column elementor-col-50 elementor-inner-column elementor-element elementor-element-326d46e\" data-id=\"326d46e\" data-element_type=\"column\" data-e-type=\"column\">\n\t\t\t<div class=\"elementor-widget-wrap elementor-element-populated\">\n\t\t\t\t\t\t<div class=\"elementor-element elementor-element-8d5399f elementor-widget elementor-widget-image\" data-id=\"8d5399f\" data-element_type=\"widget\" data-e-type=\"widget\" data-widget_type=\"image.default\">\n\t\t\t\t<div class=\"elementor-widget-container\">\n\t\t\t\t\t\t\t\t\t\t\t\t\t\t\t<img decoding=\"async\" src=\"https:\/\/zfi-berlin.de\/praxis-berlin\/wp-content\/uploads\/sites\/3\/2022\/02\/Zitat_Mockup.png\" title=\"\" alt=\"\" loading=\"lazy\" \/>\t\t\t\t\t\t\t\t\t\t\t\t\t\t\t<\/div>\n\t\t\t\t<\/div>\n\t\t\t\t\t<\/div>\n\t\t<\/div>\n\t\t\t\t\t<\/div>\n\t\t<\/section>\n\t\t\t\t\t<\/div>\n\t\t<\/div>\n\t\t\t\t\t<\/div>\n\t\t<\/section>\n\t\t\t\t<\/div>\n\t\t","protected":false},"excerpt":{"rendered":"<p>Arbeiten im Zentrumf\u00fcr Infektiologie Arbeiten im Zentrumf\u00fcr Infektiologie Wir sind ein facettenreiches Team aus \u00c4rtz:innen, Medizinischen Fachangestellten und Sachbearbeiter:innen f\u00fcr Verwaltung. Unser Schwerpunkt liegt auf infektiologischen Krankheitsbildern, insbesondere HIV\/AIDS und Hepatitis. Gemeinsam mit Ihnen wollen wir den medizinischen Fortschritt vorantreiben und eine bestm\u00f6gliche, den Patient:innen zugewandte Versorgung gew\u00e4hrleisten. Dabei legen wir Wert auf einen interdisziplin\u00e4ren [&hellip;]<\/p>\n","protected":false},"author":3,"featured_media":156,"parent":0,"menu_order":0,"comment_status":"closed","ping_status":"closed","template":"page-full-width.php","meta":{"footnotes":""},"class_list":["post-12","page","type-page","status-publish","has-post-thumbnail","hentry"],"yoast_head":"<!-- This site is optimized with the Yoast SEO plugin v27.5 - https:\/\/yoast.com\/product\/yoast-seo-wordpress\/ -->\n<title>Jobs - Zentrum<\/title>\n<meta name=\"description\" content=\"Entdecken Sie offene Stellen beim Zentrum f\u00fcr Infektiologie in Berlin entdecken. \u00bb Jetzt Jobs anschauen und bewerben.\" \/>\n<meta name=\"robots\" content=\"index, follow, max-snippet:-1, max-image-preview:large, max-video-preview:-1\" \/>\n<link rel=\"canonical\" href=\"https:\/\/zfi-berlin.de\/zentrum\/jobs\/\" \/>\n<meta property=\"og:locale\" content=\"de_DE\" \/>\n<meta property=\"og:type\" content=\"article\" \/>\n<meta property=\"og:title\" content=\"Jobs - Zentrum\" \/>\n<meta property=\"og:description\" content=\"Entdecken Sie offene Stellen beim Zentrum f\u00fcr Infektiologie in Berlin entdecken. \u00bb Jetzt Jobs anschauen und bewerben.\" \/>\n<meta property=\"og:url\" content=\"https:\/\/zfi-berlin.de\/zentrum\/jobs\/\" \/>\n<meta property=\"og:site_name\" content=\"Zentrum\" \/>\n<meta property=\"article:modified_time\" content=\"2022-08-08T10:50:54+00:00\" \/>\n<meta property=\"og:image\" content=\"https:\/\/zfi-berlin.de\/zentrum\/wp-content\/uploads\/sites\/2\/2022\/05\/Zentrum-Infektiologie_Favicon_Dach.png\" \/>\n\t<meta property=\"og:image:width\" content=\"151\" \/>\n\t<meta property=\"og:image:height\" content=\"151\" \/>\n\t<meta property=\"og:image:type\" content=\"image\/png\" \/>\n<meta name=\"twitter:card\" content=\"summary_large_image\" \/>\n<meta name=\"twitter:label1\" content=\"Gesch\u00e4tzte Lesezeit\" \/>\n\t<meta name=\"twitter:data1\" content=\"2\u00a0Minuten\" \/>\n<script type=\"application\/ld+json\" class=\"yoast-schema-graph\">{\"@context\":\"https:\\\/\\\/schema.org\",\"@graph\":[{\"@type\":\"WebPage\",\"@id\":\"https:\\\/\\\/zfi-berlin.de\\\/zentrum\\\/jobs\\\/\",\"url\":\"https:\\\/\\\/zfi-berlin.de\\\/zentrum\\\/jobs\\\/\",\"name\":\"Jobs - Zentrum\",\"isPartOf\":{\"@id\":\"https:\\\/\\\/zfi-berlin.de\\\/zentrum\\\/#website\"},\"primaryImageOfPage\":{\"@id\":\"https:\\\/\\\/zfi-berlin.de\\\/zentrum\\\/jobs\\\/#primaryimage\"},\"image\":{\"@id\":\"https:\\\/\\\/zfi-berlin.de\\\/zentrum\\\/jobs\\\/#primaryimage\"},\"thumbnailUrl\":\"https:\\\/\\\/zfi-berlin.de\\\/zentrum\\\/wp-content\\\/uploads\\\/sites\\\/2\\\/2022\\\/05\\\/Zentrum-Infektiologie_Favicon_Dach.png\",\"datePublished\":\"2021-12-21T11:02:44+00:00\",\"dateModified\":\"2022-08-08T10:50:54+00:00\",\"description\":\"Entdecken Sie offene Stellen beim Zentrum f\u00fcr Infektiologie in Berlin entdecken. \u00bb Jetzt Jobs anschauen und bewerben.\",\"breadcrumb\":{\"@id\":\"https:\\\/\\\/zfi-berlin.de\\\/zentrum\\\/jobs\\\/#breadcrumb\"},\"inLanguage\":\"de\",\"potentialAction\":[{\"@type\":\"ReadAction\",\"target\":[\"https:\\\/\\\/zfi-berlin.de\\\/zentrum\\\/jobs\\\/\"]}]},{\"@type\":\"ImageObject\",\"inLanguage\":\"de\",\"@id\":\"https:\\\/\\\/zfi-berlin.de\\\/zentrum\\\/jobs\\\/#primaryimage\",\"url\":\"https:\\\/\\\/zfi-berlin.de\\\/zentrum\\\/wp-content\\\/uploads\\\/sites\\\/2\\\/2022\\\/05\\\/Zentrum-Infektiologie_Favicon_Dach.png\",\"contentUrl\":\"https:\\\/\\\/zfi-berlin.de\\\/zentrum\\\/wp-content\\\/uploads\\\/sites\\\/2\\\/2022\\\/05\\\/Zentrum-Infektiologie_Favicon_Dach.png\",\"width\":151,\"height\":151,\"caption\":\"Zentrum fuer Infektiologie Favicon Logo der Dachmarke\"},{\"@type\":\"BreadcrumbList\",\"@id\":\"https:\\\/\\\/zfi-berlin.de\\\/zentrum\\\/jobs\\\/#breadcrumb\",\"itemListElement\":[{\"@type\":\"ListItem\",\"position\":1,\"name\":\"Startseite\",\"item\":\"https:\\\/\\\/zfi-berlin.de\\\/zentrum\\\/\"},{\"@type\":\"ListItem\",\"position\":2,\"name\":\"Jobs\"}]},{\"@type\":\"WebSite\",\"@id\":\"https:\\\/\\\/zfi-berlin.de\\\/zentrum\\\/#website\",\"url\":\"https:\\\/\\\/zfi-berlin.de\\\/zentrum\\\/\",\"name\":\"Zentrum\",\"description\":\"Zentrum f\u00fcr Infektiologie\",\"publisher\":{\"@id\":\"https:\\\/\\\/zfi-berlin.de\\\/zentrum\\\/#organization\"},\"potentialAction\":[{\"@type\":\"SearchAction\",\"target\":{\"@type\":\"EntryPoint\",\"urlTemplate\":\"https:\\\/\\\/zfi-berlin.de\\\/zentrum\\\/?s={search_term_string}\"},\"query-input\":{\"@type\":\"PropertyValueSpecification\",\"valueRequired\":true,\"valueName\":\"search_term_string\"}}],\"inLanguage\":\"de\"},{\"@type\":\"Organization\",\"@id\":\"https:\\\/\\\/zfi-berlin.de\\\/zentrum\\\/#organization\",\"name\":\"Zentrum f\u00fcr Infektiologie\",\"url\":\"https:\\\/\\\/zfi-berlin.de\\\/zentrum\\\/\",\"logo\":{\"@type\":\"ImageObject\",\"inLanguage\":\"de\",\"@id\":\"https:\\\/\\\/zfi-berlin.de\\\/zentrum\\\/#\\\/schema\\\/logo\\\/image\\\/\",\"url\":\"https:\\\/\\\/zfi-berlin.de\\\/zentrum\\\/wp-content\\\/uploads\\\/sites\\\/2\\\/2021\\\/12\\\/Zentrum-Infektiologie_Logo.png\",\"contentUrl\":\"https:\\\/\\\/zfi-berlin.de\\\/zentrum\\\/wp-content\\\/uploads\\\/sites\\\/2\\\/2021\\\/12\\\/Zentrum-Infektiologie_Logo.png\",\"width\":4216,\"height\":2730,\"caption\":\"Zentrum f\u00fcr Infektiologie\"},\"image\":{\"@id\":\"https:\\\/\\\/zfi-berlin.de\\\/zentrum\\\/#\\\/schema\\\/logo\\\/image\\\/\"}}]}<\/script>\n<!-- \/ Yoast SEO plugin. -->","yoast_head_json":{"title":"Jobs - Zentrum","description":"Entdecken Sie offene Stellen beim Zentrum f\u00fcr Infektiologie in Berlin entdecken. \u00bb Jetzt Jobs anschauen und bewerben.","robots":{"index":"index","follow":"follow","max-snippet":"max-snippet:-1","max-image-preview":"max-image-preview:large","max-video-preview":"max-video-preview:-1"},"canonical":"https:\/\/zfi-berlin.de\/zentrum\/jobs\/","og_locale":"de_DE","og_type":"article","og_title":"Jobs - Zentrum","og_description":"Entdecken Sie offene Stellen beim Zentrum f\u00fcr Infektiologie in Berlin entdecken. \u00bb Jetzt Jobs anschauen und bewerben.","og_url":"https:\/\/zfi-berlin.de\/zentrum\/jobs\/","og_site_name":"Zentrum","article_modified_time":"2022-08-08T10:50:54+00:00","og_image":[{"width":151,"height":151,"url":"https:\/\/zfi-berlin.de\/zentrum\/wp-content\/uploads\/sites\/2\/2022\/05\/Zentrum-Infektiologie_Favicon_Dach.png","type":"image\/png"}],"twitter_card":"summary_large_image","twitter_misc":{"Gesch\u00e4tzte Lesezeit":"2\u00a0Minuten"},"schema":{"@context":"https:\/\/schema.org","@graph":[{"@type":"WebPage","@id":"https:\/\/zfi-berlin.de\/zentrum\/jobs\/","url":"https:\/\/zfi-berlin.de\/zentrum\/jobs\/","name":"Jobs - Zentrum","isPartOf":{"@id":"https:\/\/zfi-berlin.de\/zentrum\/#website"},"primaryImageOfPage":{"@id":"https:\/\/zfi-berlin.de\/zentrum\/jobs\/#primaryimage"},"image":{"@id":"https:\/\/zfi-berlin.de\/zentrum\/jobs\/#primaryimage"},"thumbnailUrl":"https:\/\/zfi-berlin.de\/zentrum\/wp-content\/uploads\/sites\/2\/2022\/05\/Zentrum-Infektiologie_Favicon_Dach.png","datePublished":"2021-12-21T11:02:44+00:00","dateModified":"2022-08-08T10:50:54+00:00","description":"Entdecken Sie offene Stellen beim Zentrum f\u00fcr Infektiologie in Berlin entdecken. \u00bb Jetzt Jobs anschauen und bewerben.","breadcrumb":{"@id":"https:\/\/zfi-berlin.de\/zentrum\/jobs\/#breadcrumb"},"inLanguage":"de","potentialAction":[{"@type":"ReadAction","target":["https:\/\/zfi-berlin.de\/zentrum\/jobs\/"]}]},{"@type":"ImageObject","inLanguage":"de","@id":"https:\/\/zfi-berlin.de\/zentrum\/jobs\/#primaryimage","url":"https:\/\/zfi-berlin.de\/zentrum\/wp-content\/uploads\/sites\/2\/2022\/05\/Zentrum-Infektiologie_Favicon_Dach.png","contentUrl":"https:\/\/zfi-berlin.de\/zentrum\/wp-content\/uploads\/sites\/2\/2022\/05\/Zentrum-Infektiologie_Favicon_Dach.png","width":151,"height":151,"caption":"Zentrum fuer Infektiologie Favicon Logo der Dachmarke"},{"@type":"BreadcrumbList","@id":"https:\/\/zfi-berlin.de\/zentrum\/jobs\/#breadcrumb","itemListElement":[{"@type":"ListItem","position":1,"name":"Startseite","item":"https:\/\/zfi-berlin.de\/zentrum\/"},{"@type":"ListItem","position":2,"name":"Jobs"}]},{"@type":"WebSite","@id":"https:\/\/zfi-berlin.de\/zentrum\/#website","url":"https:\/\/zfi-berlin.de\/zentrum\/","name":"Zentrum","description":"Zentrum f\u00fcr Infektiologie","publisher":{"@id":"https:\/\/zfi-berlin.de\/zentrum\/#organization"},"potentialAction":[{"@type":"SearchAction","target":{"@type":"EntryPoint","urlTemplate":"https:\/\/zfi-berlin.de\/zentrum\/?s={search_term_string}"},"query-input":{"@type":"PropertyValueSpecification","valueRequired":true,"valueName":"search_term_string"}}],"inLanguage":"de"},{"@type":"Organization","@id":"https:\/\/zfi-berlin.de\/zentrum\/#organization","name":"Zentrum f\u00fcr Infektiologie","url":"https:\/\/zfi-berlin.de\/zentrum\/","logo":{"@type":"ImageObject","inLanguage":"de","@id":"https:\/\/zfi-berlin.de\/zentrum\/#\/schema\/logo\/image\/","url":"https:\/\/zfi-berlin.de\/zentrum\/wp-content\/uploads\/sites\/2\/2021\/12\/Zentrum-Infektiologie_Logo.png","contentUrl":"https:\/\/zfi-berlin.de\/zentrum\/wp-content\/uploads\/sites\/2\/2021\/12\/Zentrum-Infektiologie_Logo.png","width":4216,"height":2730,"caption":"Zentrum f\u00fcr Infektiologie"},"image":{"@id":"https:\/\/zfi-berlin.de\/zentrum\/#\/schema\/logo\/image\/"}}]}},"_links":{"self":[{"href":"https:\/\/zfi-berlin.de\/zentrum\/wp-json\/wp\/v2\/pages\/12","targetHints":{"allow":["GET"]}}],"collection":[{"href":"https:\/\/zfi-berlin.de\/zentrum\/wp-json\/wp\/v2\/pages"}],"about":[{"href":"https:\/\/zfi-berlin.de\/zentrum\/wp-json\/wp\/v2\/types\/page"}],"author":[{"embeddable":true,"href":"https:\/\/zfi-berlin.de\/zentrum\/wp-json\/wp\/v2\/users\/3"}],"replies":[{"embeddable":true,"href":"https:\/\/zfi-berlin.de\/zentrum\/wp-json\/wp\/v2\/comments?post=12"}],"version-history":[{"count":12,"href":"https:\/\/zfi-berlin.de\/zentrum\/wp-json\/wp\/v2\/pages\/12\/revisions"}],"predecessor-version":[{"id":758,"href":"https:\/\/zfi-berlin.de\/zentrum\/wp-json\/wp\/v2\/pages\/12\/revisions\/758"}],"wp:featuredmedia":[{"embeddable":true,"href":"https:\/\/zfi-berlin.de\/zentrum\/wp-json\/wp\/v2\/media\/156"}],"wp:attachment":[{"href":"https:\/\/zfi-berlin.de\/zentrum\/wp-json\/wp\/v2\/media?parent=12"}],"curies":[{"name":"wp","href":"https:\/\/api.w.org\/{rel}","templated":true}]}}