{"id":23,"date":"2022-05-09T20:07:18","date_gmt":"2022-05-09T18:07:18","guid":{"rendered":"https:\/\/zibp.nuspirit.de\/studienzentrum\/?page_id=23"},"modified":"2024-12-06T15:14:51","modified_gmt":"2024-12-06T14:14:51","slug":"ueber-uns","status":"publish","type":"page","link":"https:\/\/zfi-berlin.de\/studienzentrum\/ueber-uns\/","title":{"rendered":"\u00dcber uns"},"content":{"rendered":"\t\t<div data-elementor-type=\"wp-page\" data-elementor-id=\"23\" class=\"elementor elementor-23\" data-elementor-post-type=\"page\">\n\t\t\t\t\t\t<section class=\"elementor-section elementor-top-section elementor-element elementor-element-de213f6 elementor-section-height-min-height elementor-hidden-mobile elementor-section-boxed elementor-section-height-default elementor-section-items-middle qodef-elementor-content-no\" data-id=\"de213f6\" data-element_type=\"section\" data-e-type=\"section\" data-settings=\"{&quot;background_background&quot;:&quot;classic&quot;}\">\n\t\t\t\t\t\t\t<div class=\"elementor-background-overlay\"><\/div>\n\t\t\t\t\t\t\t<div class=\"elementor-container elementor-column-gap-default\">\n\t\t\t\t\t<div class=\"elementor-column elementor-col-100 elementor-top-column elementor-element elementor-element-e3dcbc4\" data-id=\"e3dcbc4\" data-element_type=\"column\" data-e-type=\"column\">\n\t\t\t<div class=\"elementor-widget-wrap elementor-element-populated\">\n\t\t\t\t\t\t<div class=\"elementor-element elementor-element-5f706ac elementor-widget elementor-widget-spacer\" data-id=\"5f706ac\" data-element_type=\"widget\" data-e-type=\"widget\" data-widget_type=\"spacer.default\">\n\t\t\t\t<div class=\"elementor-widget-container\">\n\t\t\t\t\t\t\t<div class=\"elementor-spacer\">\n\t\t\t<div class=\"elementor-spacer-inner\"><\/div>\n\t\t<\/div>\n\t\t\t\t\t\t<\/div>\n\t\t\t\t<\/div>\n\t\t\t\t<div class=\"elementor-element elementor-element-154b155 elementor-widget elementor-widget-spacer\" data-id=\"154b155\" data-element_type=\"widget\" data-e-type=\"widget\" data-widget_type=\"spacer.default\">\n\t\t\t\t<div class=\"elementor-widget-container\">\n\t\t\t\t\t\t\t<div class=\"elementor-spacer\">\n\t\t\t<div class=\"elementor-spacer-inner\"><\/div>\n\t\t<\/div>\n\t\t\t\t\t\t<\/div>\n\t\t\t\t<\/div>\n\t\t\t\t<div class=\"elementor-element elementor-element-c4ebb11 elementor-widget elementor-widget-heading\" data-id=\"c4ebb11\" data-element_type=\"widget\" data-e-type=\"widget\" data-widget_type=\"heading.default\">\n\t\t\t\t<div class=\"elementor-widget-container\">\n\t\t\t\t\t<h1 class=\"elementor-heading-title elementor-size-default\">\u00dcber uns<\/h1>\t\t\t\t<\/div>\n\t\t\t\t<\/div>\n\t\t\t\t\t<\/div>\n\t\t<\/div>\n\t\t\t\t\t<\/div>\n\t\t<\/section>\n\t\t\t\t<section class=\"elementor-section elementor-top-section elementor-element elementor-element-8ca3aa1 elementor-section-height-min-height elementor-hidden-desktop elementor-hidden-tablet elementor-section-boxed elementor-section-height-default elementor-section-items-middle qodef-elementor-content-no\" data-id=\"8ca3aa1\" data-element_type=\"section\" data-e-type=\"section\" data-settings=\"{&quot;background_background&quot;:&quot;classic&quot;}\">\n\t\t\t\t\t\t\t<div class=\"elementor-background-overlay\"><\/div>\n\t\t\t\t\t\t\t<div class=\"elementor-container elementor-column-gap-default\">\n\t\t\t\t\t<div class=\"elementor-column elementor-col-100 elementor-top-column elementor-element elementor-element-70aeb0d\" data-id=\"70aeb0d\" data-element_type=\"column\" data-e-type=\"column\">\n\t\t\t<div class=\"elementor-widget-wrap elementor-element-populated\">\n\t\t\t\t\t\t<div class=\"elementor-element elementor-element-53bbaa7 elementor-widget elementor-widget-spacer\" data-id=\"53bbaa7\" data-element_type=\"widget\" data-e-type=\"widget\" data-widget_type=\"spacer.default\">\n\t\t\t\t<div class=\"elementor-widget-container\">\n\t\t\t\t\t\t\t<div class=\"elementor-spacer\">\n\t\t\t<div class=\"elementor-spacer-inner\"><\/div>\n\t\t<\/div>\n\t\t\t\t\t\t<\/div>\n\t\t\t\t<\/div>\n\t\t\t\t<div class=\"elementor-element elementor-element-67936e5 elementor-widget elementor-widget-heading\" data-id=\"67936e5\" data-element_type=\"widget\" data-e-type=\"widget\" data-widget_type=\"heading.default\">\n\t\t\t\t<div class=\"elementor-widget-container\">\n\t\t\t\t\t<h1 class=\"elementor-heading-title elementor-size-default\">\u00dcber uns<\/h1>\t\t\t\t<\/div>\n\t\t\t\t<\/div>\n\t\t\t\t<div class=\"elementor-element elementor-element-5d018a0 elementor-widget elementor-widget-spacer\" data-id=\"5d018a0\" data-element_type=\"widget\" data-e-type=\"widget\" data-widget_type=\"spacer.default\">\n\t\t\t\t<div class=\"elementor-widget-container\">\n\t\t\t\t\t\t\t<div class=\"elementor-spacer\">\n\t\t\t<div class=\"elementor-spacer-inner\"><\/div>\n\t\t<\/div>\n\t\t\t\t\t\t<\/div>\n\t\t\t\t<\/div>\n\t\t\t\t\t<\/div>\n\t\t<\/div>\n\t\t\t\t\t<\/div>\n\t\t<\/section>\n\t\t\t\t<section class=\"elementor-section elementor-top-section elementor-element elementor-element-a241768 elementor-section-boxed elementor-section-height-default elementor-section-height-default qodef-elementor-content-no\" data-id=\"a241768\" data-element_type=\"section\" data-e-type=\"section\">\n\t\t\t\t\t\t<div class=\"elementor-container elementor-column-gap-default\">\n\t\t\t\t\t<div class=\"elementor-column elementor-col-100 elementor-top-column elementor-element elementor-element-3560ada\" data-id=\"3560ada\" data-element_type=\"column\" data-e-type=\"column\">\n\t\t\t<div class=\"elementor-widget-wrap elementor-element-populated\">\n\t\t\t\t\t\t<div class=\"elementor-element elementor-element-cd90eda elementor-widget elementor-widget-heading\" data-id=\"cd90eda\" data-element_type=\"widget\" data-e-type=\"widget\" data-widget_type=\"heading.default\">\n\t\t\t\t<div class=\"elementor-widget-container\">\n\t\t\t\t\t<h2 class=\"elementor-heading-title elementor-size-default\"><br>Einbindung in das Zentrum f\u00fcr Infektiologie<\/h2>\t\t\t\t<\/div>\n\t\t\t\t<\/div>\n\t\t\t\t<div class=\"elementor-element elementor-element-9377ce1 elementor-widget elementor-widget-text-editor\" data-id=\"9377ce1\" data-element_type=\"widget\" data-e-type=\"widget\" data-widget_type=\"text-editor.default\">\n\t\t\t\t<div class=\"elementor-widget-container\">\n\t\t\t\t\t\t\t\t\t<p>Bereits vor der Gr\u00fcndung des Studienzentrums im Jahr 2010 hat das damalige Medizinische Infektiologiezentrum Berlin (MIB) Studien durchgef\u00fchrt. Die Neugierde und der medizinische Erfolg beim Einsatz neu entwickelter Medikamente, zu welchen die Allgemeinheit noch keinen Zugang hatte, trieben uns voran. Daraus entstand die Motivation, ein eigenes Studienzentrum in Berlin zu er\u00f6ffnen, um selbst Studien mit dem Schwerpunkt Infektiologie, HIV\/AIDS sowie Hepatitis durchzuf\u00fchren.<\/p><p>Die Heilung von Hepatitis-C-Patient:innen durch direktwirkende antivirale Substanzen im Jahr 2014 war aus medizinischer Sicht ein gro\u00dfer Meilenstein.<\/p><p>Im Zuge eines Neustarts der \u00fcbergeordneten Berufsaus\u00fcbungsgemeinschaft (\u00fcBAG) zogen wir 2016 vom Standort Seestra\u00dfe in Wedding zur\u00fcck in den Prenzlauer Berg. In diesem Zusammenhang wurde das Studienzentrum zu einem eigenst\u00e4ndigen Kompetenzzentrum ausgebaut. Es steht allerdings weiterhin im engen Austausch mit der <a href=\"https:\/\/zfi-berlin.de\/praxis-berlin\/\">Praxis<\/a> und stellt bestm\u00f6gliche, individuelle und vielf\u00e4ltige Therapieans\u00e4tze sicher.<\/p><p>Das Studienzentrum konnte bereits an Studien zur Heilung der Hepatitis C, neuen Formen der HIV-Behandlung und zur Behandlung des Coronavirus mitwirken.<\/p>\t\t\t\t\t\t\t\t<\/div>\n\t\t\t\t<\/div>\n\t\t\t\t<div class=\"elementor-element elementor-element-7e8a675 elementor-widget elementor-widget-wp-widget-promedica_core_button\" data-id=\"7e8a675\" data-element_type=\"widget\" data-e-type=\"widget\" data-widget_type=\"wp-widget-promedica_core_button.default\">\n\t\t\t\t<div class=\"elementor-widget-container\">\n\t\t\t\t\t<a class=\"qodef-shortcode qodef-m  qodef-button qodef-layout--outlined  qodef-html--link \" href=\"https:\/\/zfi-berlin.de\/praxis-berlin\/ueber-uns\/#geschichte\" target=\"_self\"  style=\"color: #47b27a;border-color: #47b27a\">\n\t<span class=\"qodef-m-text\">Mehr zur Geschichte<\/span>\n<\/a>\n\t\t\t\t<\/div>\n\t\t\t\t<\/div>\n\t\t\t\t\t<\/div>\n\t\t<\/div>\n\t\t\t\t\t<\/div>\n\t\t<\/section>\n\t\t\t\t<\/div>\n\t\t","protected":false},"excerpt":{"rendered":"<p>\u00dcber uns \u00dcber uns Einbindung in das Zentrum f\u00fcr Infektiologie Bereits vor der Gr\u00fcndung des Studienzentrums im Jahr 2010 hat das damalige Medizinische Infektiologiezentrum Berlin (MIB) Studien durchgef\u00fchrt. Die Neugierde und der medizinische Erfolg beim Einsatz neu entwickelter Medikamente, zu welchen die Allgemeinheit noch keinen Zugang hatte, trieben uns voran. Daraus entstand die Motivation, ein [&hellip;]<\/p>\n","protected":false},"author":3,"featured_media":80,"parent":0,"menu_order":0,"comment_status":"closed","ping_status":"closed","template":"page-full-width.php","meta":{"footnotes":""},"class_list":["post-23","page","type-page","status-publish","has-post-thumbnail","hentry"],"yoast_head":"<!-- This site is optimized with the Yoast SEO plugin v27.5 - https:\/\/yoast.com\/product\/yoast-seo-wordpress\/ -->\n<title>\u00dcber uns - Studienzentrum<\/title>\n<meta name=\"description\" content=\"Erfahren Sie mehr \u00fcber das Studienzentrum, dessen Geschichte und die Einbindung in das Zentrum f\u00fcr Infektiologie (Berlin).\" \/>\n<meta name=\"robots\" content=\"index, follow, max-snippet:-1, max-image-preview:large, max-video-preview:-1\" \/>\n<link rel=\"canonical\" href=\"https:\/\/www.zfi-berlin.de\/zentrum\/ueber-uns\/\" \/>\n<meta property=\"og:locale\" content=\"de_DE\" \/>\n<meta property=\"og:type\" content=\"article\" \/>\n<meta property=\"og:title\" content=\"\u00dcber uns - Studienzentrum\" \/>\n<meta property=\"og:description\" content=\"Erfahren Sie mehr \u00fcber das Studienzentrum, dessen Geschichte und die Einbindung in das Zentrum f\u00fcr Infektiologie (Berlin).\" \/>\n<meta property=\"og:url\" content=\"https:\/\/www.zfi-berlin.de\/zentrum\/ueber-uns\/\" \/>\n<meta property=\"og:site_name\" content=\"Studienzentrum\" \/>\n<meta property=\"article:modified_time\" content=\"2024-12-06T14:14:51+00:00\" \/>\n<meta property=\"og:image\" content=\"https:\/\/zfi-berlin.de\/studienzentrum\/wp-content\/uploads\/sites\/4\/2022\/05\/Zetrum-Infektiologie_Favicon-Studienzentrum.png\" \/>\n\t<meta property=\"og:image:width\" content=\"151\" \/>\n\t<meta property=\"og:image:height\" content=\"151\" \/>\n\t<meta property=\"og:image:type\" content=\"image\/png\" \/>\n<meta name=\"twitter:card\" content=\"summary_large_image\" \/>\n<meta name=\"twitter:label1\" content=\"Gesch\u00e4tzte Lesezeit\" \/>\n\t<meta name=\"twitter:data1\" content=\"1\u00a0Minute\" \/>\n<script type=\"application\/ld+json\" class=\"yoast-schema-graph\">{\"@context\":\"https:\\\/\\\/schema.org\",\"@graph\":[{\"@type\":\"WebPage\",\"@id\":\"https:\\\/\\\/zfi-berlin.de\\\/studienzentrum\\\/ueber-uns\\\/\",\"url\":\"https:\\\/\\\/www.zfi-berlin.de\\\/zentrum\\\/ueber-uns\\\/\",\"name\":\"\u00dcber uns - Studienzentrum\",\"isPartOf\":{\"@id\":\"https:\\\/\\\/zfi-berlin.de\\\/studienzentrum\\\/#website\"},\"primaryImageOfPage\":{\"@id\":\"https:\\\/\\\/www.zfi-berlin.de\\\/zentrum\\\/ueber-uns\\\/#primaryimage\"},\"image\":{\"@id\":\"https:\\\/\\\/www.zfi-berlin.de\\\/zentrum\\\/ueber-uns\\\/#primaryimage\"},\"thumbnailUrl\":\"https:\\\/\\\/zfi-berlin.de\\\/studienzentrum\\\/wp-content\\\/uploads\\\/sites\\\/4\\\/2022\\\/05\\\/Zetrum-Infektiologie_Favicon-Studienzentrum.png\",\"datePublished\":\"2022-05-09T18:07:18+00:00\",\"dateModified\":\"2024-12-06T14:14:51+00:00\",\"description\":\"Erfahren Sie mehr \u00fcber das Studienzentrum, dessen Geschichte und die Einbindung in das Zentrum f\u00fcr Infektiologie (Berlin).\",\"breadcrumb\":{\"@id\":\"https:\\\/\\\/www.zfi-berlin.de\\\/zentrum\\\/ueber-uns\\\/#breadcrumb\"},\"inLanguage\":\"de\",\"potentialAction\":[{\"@type\":\"ReadAction\",\"target\":[\"https:\\\/\\\/www.zfi-berlin.de\\\/zentrum\\\/ueber-uns\\\/\"]}]},{\"@type\":\"ImageObject\",\"inLanguage\":\"de\",\"@id\":\"https:\\\/\\\/www.zfi-berlin.de\\\/zentrum\\\/ueber-uns\\\/#primaryimage\",\"url\":\"https:\\\/\\\/zfi-berlin.de\\\/studienzentrum\\\/wp-content\\\/uploads\\\/sites\\\/4\\\/2022\\\/05\\\/Zetrum-Infektiologie_Favicon-Studienzentrum.png\",\"contentUrl\":\"https:\\\/\\\/zfi-berlin.de\\\/studienzentrum\\\/wp-content\\\/uploads\\\/sites\\\/4\\\/2022\\\/05\\\/Zetrum-Infektiologie_Favicon-Studienzentrum.png\",\"width\":151,\"height\":151},{\"@type\":\"BreadcrumbList\",\"@id\":\"https:\\\/\\\/www.zfi-berlin.de\\\/zentrum\\\/ueber-uns\\\/#breadcrumb\",\"itemListElement\":[{\"@type\":\"ListItem\",\"position\":1,\"name\":\"Startseite\",\"item\":\"https:\\\/\\\/zfi-berlin.de\\\/studienzentrum\\\/\"},{\"@type\":\"ListItem\",\"position\":2,\"name\":\"\u00dcber uns\"}]},{\"@type\":\"WebSite\",\"@id\":\"https:\\\/\\\/zfi-berlin.de\\\/studienzentrum\\\/#website\",\"url\":\"https:\\\/\\\/zfi-berlin.de\\\/studienzentrum\\\/\",\"name\":\"Studienzentrum\",\"description\":\"Zentrum f\u00fcr Infektiologie Studienzentrum\",\"publisher\":{\"@id\":\"https:\\\/\\\/zfi-berlin.de\\\/studienzentrum\\\/#organization\"},\"potentialAction\":[{\"@type\":\"SearchAction\",\"target\":{\"@type\":\"EntryPoint\",\"urlTemplate\":\"https:\\\/\\\/zfi-berlin.de\\\/studienzentrum\\\/?s={search_term_string}\"},\"query-input\":{\"@type\":\"PropertyValueSpecification\",\"valueRequired\":true,\"valueName\":\"search_term_string\"}}],\"inLanguage\":\"de\"},{\"@type\":\"Organization\",\"@id\":\"https:\\\/\\\/zfi-berlin.de\\\/studienzentrum\\\/#organization\",\"name\":\"Zentrum f\u00fcr Infektiologie\",\"url\":\"https:\\\/\\\/zfi-berlin.de\\\/studienzentrum\\\/\",\"logo\":{\"@type\":\"ImageObject\",\"inLanguage\":\"de\",\"@id\":\"https:\\\/\\\/zfi-berlin.de\\\/studienzentrum\\\/#\\\/schema\\\/logo\\\/image\\\/\",\"url\":\"https:\\\/\\\/zfi-berlin.de\\\/studienzentrum\\\/wp-content\\\/uploads\\\/sites\\\/4\\\/2022\\\/05\\\/Zentrum-Infektiologie_Studienzentrum_Logo.png\",\"contentUrl\":\"https:\\\/\\\/zfi-berlin.de\\\/studienzentrum\\\/wp-content\\\/uploads\\\/sites\\\/4\\\/2022\\\/05\\\/Zentrum-Infektiologie_Studienzentrum_Logo.png\",\"width\":4216,\"height\":2730,\"caption\":\"Zentrum f\u00fcr Infektiologie\"},\"image\":{\"@id\":\"https:\\\/\\\/zfi-berlin.de\\\/studienzentrum\\\/#\\\/schema\\\/logo\\\/image\\\/\"}}]}<\/script>\n<!-- \/ Yoast SEO plugin. -->","yoast_head_json":{"title":"\u00dcber uns - Studienzentrum","description":"Erfahren Sie mehr \u00fcber das Studienzentrum, dessen Geschichte und die Einbindung in das Zentrum f\u00fcr Infektiologie (Berlin).","robots":{"index":"index","follow":"follow","max-snippet":"max-snippet:-1","max-image-preview":"max-image-preview:large","max-video-preview":"max-video-preview:-1"},"canonical":"https:\/\/www.zfi-berlin.de\/zentrum\/ueber-uns\/","og_locale":"de_DE","og_type":"article","og_title":"\u00dcber uns - Studienzentrum","og_description":"Erfahren Sie mehr \u00fcber das Studienzentrum, dessen Geschichte und die Einbindung in das Zentrum f\u00fcr Infektiologie (Berlin).","og_url":"https:\/\/www.zfi-berlin.de\/zentrum\/ueber-uns\/","og_site_name":"Studienzentrum","article_modified_time":"2024-12-06T14:14:51+00:00","og_image":[{"width":151,"height":151,"url":"https:\/\/zfi-berlin.de\/studienzentrum\/wp-content\/uploads\/sites\/4\/2022\/05\/Zetrum-Infektiologie_Favicon-Studienzentrum.png","type":"image\/png"}],"twitter_card":"summary_large_image","twitter_misc":{"Gesch\u00e4tzte Lesezeit":"1\u00a0Minute"},"schema":{"@context":"https:\/\/schema.org","@graph":[{"@type":"WebPage","@id":"https:\/\/zfi-berlin.de\/studienzentrum\/ueber-uns\/","url":"https:\/\/www.zfi-berlin.de\/zentrum\/ueber-uns\/","name":"\u00dcber uns - Studienzentrum","isPartOf":{"@id":"https:\/\/zfi-berlin.de\/studienzentrum\/#website"},"primaryImageOfPage":{"@id":"https:\/\/www.zfi-berlin.de\/zentrum\/ueber-uns\/#primaryimage"},"image":{"@id":"https:\/\/www.zfi-berlin.de\/zentrum\/ueber-uns\/#primaryimage"},"thumbnailUrl":"https:\/\/zfi-berlin.de\/studienzentrum\/wp-content\/uploads\/sites\/4\/2022\/05\/Zetrum-Infektiologie_Favicon-Studienzentrum.png","datePublished":"2022-05-09T18:07:18+00:00","dateModified":"2024-12-06T14:14:51+00:00","description":"Erfahren Sie mehr \u00fcber das Studienzentrum, dessen Geschichte und die Einbindung in das Zentrum f\u00fcr Infektiologie (Berlin).","breadcrumb":{"@id":"https:\/\/www.zfi-berlin.de\/zentrum\/ueber-uns\/#breadcrumb"},"inLanguage":"de","potentialAction":[{"@type":"ReadAction","target":["https:\/\/www.zfi-berlin.de\/zentrum\/ueber-uns\/"]}]},{"@type":"ImageObject","inLanguage":"de","@id":"https:\/\/www.zfi-berlin.de\/zentrum\/ueber-uns\/#primaryimage","url":"https:\/\/zfi-berlin.de\/studienzentrum\/wp-content\/uploads\/sites\/4\/2022\/05\/Zetrum-Infektiologie_Favicon-Studienzentrum.png","contentUrl":"https:\/\/zfi-berlin.de\/studienzentrum\/wp-content\/uploads\/sites\/4\/2022\/05\/Zetrum-Infektiologie_Favicon-Studienzentrum.png","width":151,"height":151},{"@type":"BreadcrumbList","@id":"https:\/\/www.zfi-berlin.de\/zentrum\/ueber-uns\/#breadcrumb","itemListElement":[{"@type":"ListItem","position":1,"name":"Startseite","item":"https:\/\/zfi-berlin.de\/studienzentrum\/"},{"@type":"ListItem","position":2,"name":"\u00dcber uns"}]},{"@type":"WebSite","@id":"https:\/\/zfi-berlin.de\/studienzentrum\/#website","url":"https:\/\/zfi-berlin.de\/studienzentrum\/","name":"Studienzentrum","description":"Zentrum f\u00fcr Infektiologie Studienzentrum","publisher":{"@id":"https:\/\/zfi-berlin.de\/studienzentrum\/#organization"},"potentialAction":[{"@type":"SearchAction","target":{"@type":"EntryPoint","urlTemplate":"https:\/\/zfi-berlin.de\/studienzentrum\/?s={search_term_string}"},"query-input":{"@type":"PropertyValueSpecification","valueRequired":true,"valueName":"search_term_string"}}],"inLanguage":"de"},{"@type":"Organization","@id":"https:\/\/zfi-berlin.de\/studienzentrum\/#organization","name":"Zentrum f\u00fcr Infektiologie","url":"https:\/\/zfi-berlin.de\/studienzentrum\/","logo":{"@type":"ImageObject","inLanguage":"de","@id":"https:\/\/zfi-berlin.de\/studienzentrum\/#\/schema\/logo\/image\/","url":"https:\/\/zfi-berlin.de\/studienzentrum\/wp-content\/uploads\/sites\/4\/2022\/05\/Zentrum-Infektiologie_Studienzentrum_Logo.png","contentUrl":"https:\/\/zfi-berlin.de\/studienzentrum\/wp-content\/uploads\/sites\/4\/2022\/05\/Zentrum-Infektiologie_Studienzentrum_Logo.png","width":4216,"height":2730,"caption":"Zentrum f\u00fcr Infektiologie"},"image":{"@id":"https:\/\/zfi-berlin.de\/studienzentrum\/#\/schema\/logo\/image\/"}}]}},"_links":{"self":[{"href":"https:\/\/zfi-berlin.de\/studienzentrum\/wp-json\/wp\/v2\/pages\/23","targetHints":{"allow":["GET"]}}],"collection":[{"href":"https:\/\/zfi-berlin.de\/studienzentrum\/wp-json\/wp\/v2\/pages"}],"about":[{"href":"https:\/\/zfi-berlin.de\/studienzentrum\/wp-json\/wp\/v2\/types\/page"}],"author":[{"embeddable":true,"href":"https:\/\/zfi-berlin.de\/studienzentrum\/wp-json\/wp\/v2\/users\/3"}],"replies":[{"embeddable":true,"href":"https:\/\/zfi-berlin.de\/studienzentrum\/wp-json\/wp\/v2\/comments?post=23"}],"version-history":[{"count":10,"href":"https:\/\/zfi-berlin.de\/studienzentrum\/wp-json\/wp\/v2\/pages\/23\/revisions"}],"predecessor-version":[{"id":754,"href":"https:\/\/zfi-berlin.de\/studienzentrum\/wp-json\/wp\/v2\/pages\/23\/revisions\/754"}],"wp:featuredmedia":[{"embeddable":true,"href":"https:\/\/zfi-berlin.de\/studienzentrum\/wp-json\/wp\/v2\/media\/80"}],"wp:attachment":[{"href":"https:\/\/zfi-berlin.de\/studienzentrum\/wp-json\/wp\/v2\/media?parent=23"}],"curies":[{"name":"wp","href":"https:\/\/api.w.org\/{rel}","templated":true}]}}