{"id":54,"date":"2022-01-12T11:18:01","date_gmt":"2022-01-12T10:18:01","guid":{"rendered":"https:\/\/zibp.nuspirit.de\/praxis-berlin\/?page_id=54"},"modified":"2026-03-16T10:50:56","modified_gmt":"2026-03-16T09:50:56","slug":"kontakt","status":"publish","type":"page","link":"https:\/\/zfi-berlin.de\/praxis-berlin\/kontakt\/","title":{"rendered":"Kontakt"},"content":{"rendered":"\t\t<div data-elementor-type=\"wp-page\" data-elementor-id=\"54\" class=\"elementor elementor-54\" data-elementor-post-type=\"page\">\n\t\t\t\t\t\t\t\t\t<section class=\"elementor-section elementor-top-section elementor-element elementor-element-866c49e elementor-section-height-min-height elementor-hidden-mobile elementor-section-boxed elementor-section-height-default elementor-section-items-middle qodef-elementor-content-no\" data-id=\"866c49e\" data-element_type=\"section\" data-settings=\"{&quot;background_background&quot;:&quot;classic&quot;}\">\n\t\t\t\t\t\t\t<div class=\"elementor-background-overlay\"><\/div>\n\t\t\t\t\t\t\t<div class=\"elementor-container elementor-column-gap-default\">\n\t\t\t\t\t<div class=\"elementor-column elementor-col-100 elementor-top-column elementor-element elementor-element-d9d5481\" data-id=\"d9d5481\" data-element_type=\"column\">\n\t\t\t<div class=\"elementor-widget-wrap elementor-element-populated\">\n\t\t\t\t\t\t\t\t<div class=\"elementor-element elementor-element-3831a4c elementor-widget elementor-widget-spacer\" data-id=\"3831a4c\" data-element_type=\"widget\" data-widget_type=\"spacer.default\">\n\t\t\t\t<div class=\"elementor-widget-container\">\n\t\t\t<style>\/*! elementor - v3.14.0 - 26-06-2023 *\/\n.elementor-column .elementor-spacer-inner{height:var(--spacer-size)}.e-con{--container-widget-width:100%}.e-con-inner>.elementor-widget-spacer,.e-con>.elementor-widget-spacer{width:var(--container-widget-width,var(--spacer-size));--align-self:var(--container-widget-align-self,initial);--flex-shrink:0}.e-con-inner>.elementor-widget-spacer>.elementor-widget-container,.e-con-inner>.elementor-widget-spacer>.elementor-widget-container>.elementor-spacer,.e-con>.elementor-widget-spacer>.elementor-widget-container,.e-con>.elementor-widget-spacer>.elementor-widget-container>.elementor-spacer{height:100%}.e-con-inner>.elementor-widget-spacer>.elementor-widget-container>.elementor-spacer>.elementor-spacer-inner,.e-con>.elementor-widget-spacer>.elementor-widget-container>.elementor-spacer>.elementor-spacer-inner{height:var(--container-widget-height,var(--spacer-size))}<\/style>\t\t<div class=\"elementor-spacer\">\n\t\t\t<div class=\"elementor-spacer-inner\"><\/div>\n\t\t<\/div>\n\t\t\t\t<\/div>\n\t\t\t\t<\/div>\n\t\t\t\t<div class=\"elementor-element elementor-element-376b67a elementor-widget elementor-widget-spacer\" data-id=\"376b67a\" data-element_type=\"widget\" data-widget_type=\"spacer.default\">\n\t\t\t\t<div class=\"elementor-widget-container\">\n\t\t\t\t\t<div class=\"elementor-spacer\">\n\t\t\t<div class=\"elementor-spacer-inner\"><\/div>\n\t\t<\/div>\n\t\t\t\t<\/div>\n\t\t\t\t<\/div>\n\t\t\t\t<div class=\"elementor-element elementor-element-ea33a9c elementor-widget elementor-widget-heading\" data-id=\"ea33a9c\" data-element_type=\"widget\" data-widget_type=\"heading.default\">\n\t\t\t\t<div class=\"elementor-widget-container\">\n\t\t\t<style>\/*! elementor - v3.14.0 - 26-06-2023 *\/\n.elementor-heading-title{padding:0;margin:0;line-height:1}.elementor-widget-heading .elementor-heading-title[class*=elementor-size-]>a{color:inherit;font-size:inherit;line-height:inherit}.elementor-widget-heading .elementor-heading-title.elementor-size-small{font-size:15px}.elementor-widget-heading .elementor-heading-title.elementor-size-medium{font-size:19px}.elementor-widget-heading .elementor-heading-title.elementor-size-large{font-size:29px}.elementor-widget-heading .elementor-heading-title.elementor-size-xl{font-size:39px}.elementor-widget-heading .elementor-heading-title.elementor-size-xxl{font-size:59px}<\/style><h1 class=\"elementor-heading-title elementor-size-default\">Kontakt<\/h1>\t\t<\/div>\n\t\t\t\t<\/div>\n\t\t\t\t\t<\/div>\n\t\t<\/div>\n\t\t\t\t\t\t\t<\/div>\n\t\t<\/section>\n\t\t\t\t<section class=\"elementor-section elementor-top-section elementor-element elementor-element-b3418da elementor-section-height-min-height elementor-hidden-desktop elementor-hidden-tablet elementor-section-boxed elementor-section-height-default elementor-section-items-middle qodef-elementor-content-no\" data-id=\"b3418da\" data-element_type=\"section\" data-settings=\"{&quot;background_background&quot;:&quot;classic&quot;}\">\n\t\t\t\t\t\t\t<div class=\"elementor-background-overlay\"><\/div>\n\t\t\t\t\t\t\t<div class=\"elementor-container elementor-column-gap-default\">\n\t\t\t\t\t<div class=\"elementor-column elementor-col-100 elementor-top-column elementor-element elementor-element-c718684\" data-id=\"c718684\" data-element_type=\"column\">\n\t\t\t<div class=\"elementor-widget-wrap elementor-element-populated\">\n\t\t\t\t\t\t\t\t<div class=\"elementor-element elementor-element-e4bf31d elementor-widget elementor-widget-spacer\" data-id=\"e4bf31d\" data-element_type=\"widget\" data-widget_type=\"spacer.default\">\n\t\t\t\t<div class=\"elementor-widget-container\">\n\t\t\t\t\t<div class=\"elementor-spacer\">\n\t\t\t<div class=\"elementor-spacer-inner\"><\/div>\n\t\t<\/div>\n\t\t\t\t<\/div>\n\t\t\t\t<\/div>\n\t\t\t\t<div class=\"elementor-element elementor-element-577d52a elementor-widget elementor-widget-heading\" data-id=\"577d52a\" data-element_type=\"widget\" data-widget_type=\"heading.default\">\n\t\t\t\t<div class=\"elementor-widget-container\">\n\t\t\t<h1 class=\"elementor-heading-title elementor-size-default\">Kontakt<\/h1>\t\t<\/div>\n\t\t\t\t<\/div>\n\t\t\t\t<div class=\"elementor-element elementor-element-6cfc483 elementor-widget elementor-widget-spacer\" data-id=\"6cfc483\" data-element_type=\"widget\" data-widget_type=\"spacer.default\">\n\t\t\t\t<div class=\"elementor-widget-container\">\n\t\t\t\t\t<div class=\"elementor-spacer\">\n\t\t\t<div class=\"elementor-spacer-inner\"><\/div>\n\t\t<\/div>\n\t\t\t\t<\/div>\n\t\t\t\t<\/div>\n\t\t\t\t\t<\/div>\n\t\t<\/div>\n\t\t\t\t\t\t\t<\/div>\n\t\t<\/section>\n\t\t\t\t<section class=\"elementor-section elementor-top-section elementor-element elementor-element-591a82c elementor-section-boxed elementor-section-height-default elementor-section-height-default qodef-elementor-content-no\" data-id=\"591a82c\" data-element_type=\"section\">\n\t\t\t\t\t\t<div class=\"elementor-container elementor-column-gap-default\">\n\t\t\t\t\t<div class=\"elementor-column elementor-col-100 elementor-top-column elementor-element elementor-element-23af663\" data-id=\"23af663\" data-element_type=\"column\">\n\t\t\t<div class=\"elementor-widget-wrap elementor-element-populated\">\n\t\t\t\t\t\t\t\t<div class=\"elementor-element elementor-element-bedf458 elementor-widget elementor-widget-spacer\" data-id=\"bedf458\" data-element_type=\"widget\" data-widget_type=\"spacer.default\">\n\t\t\t\t<div class=\"elementor-widget-container\">\n\t\t\t\t\t<div class=\"elementor-spacer\">\n\t\t\t<div class=\"elementor-spacer-inner\"><\/div>\n\t\t<\/div>\n\t\t\t\t<\/div>\n\t\t\t\t<\/div>\n\t\t\t\t<div class=\"elementor-element elementor-element-bfaec58 elementor-widget elementor-widget-heading\" data-id=\"bfaec58\" data-element_type=\"widget\" data-widget_type=\"heading.default\">\n\t\t\t\t<div class=\"elementor-widget-container\">\n\t\t\t<h3 class=\"elementor-heading-title elementor-size-default\">zfi - Zentrum f\u00fcr Infektiologie GmbH<\/h3>\t\t<\/div>\n\t\t\t\t<\/div>\n\t\t\t\t<div class=\"elementor-element elementor-element-e708caf elementor-widget elementor-widget-text-editor\" data-id=\"e708caf\" data-element_type=\"widget\" data-widget_type=\"text-editor.default\">\n\t\t\t\t<div class=\"elementor-widget-container\">\n\t\t\t<style>\/*! elementor - v3.14.0 - 26-06-2023 *\/\n.elementor-widget-text-editor.elementor-drop-cap-view-stacked .elementor-drop-cap{background-color:#69727d;color:#fff}.elementor-widget-text-editor.elementor-drop-cap-view-framed .elementor-drop-cap{color:#69727d;border:3px solid;background-color:transparent}.elementor-widget-text-editor:not(.elementor-drop-cap-view-default) .elementor-drop-cap{margin-top:8px}.elementor-widget-text-editor:not(.elementor-drop-cap-view-default) .elementor-drop-cap-letter{width:1em;height:1em}.elementor-widget-text-editor .elementor-drop-cap{float:left;text-align:center;line-height:1;font-size:50px}.elementor-widget-text-editor .elementor-drop-cap-letter{display:inline-block}<\/style>\t\t\t\t<p>Finnl\u00e4ndische Stra\u00dfe 14<br \/>10439 Berlin<\/p><p><a href=\"http:\/\/www.zfi-berlin.de\">www.zfi-berlin.de<\/a><\/p>\t\t\t\t\t\t<\/div>\n\t\t\t\t<\/div>\n\t\t\t\t<div class=\"elementor-element elementor-element-77f6c4a elementor-widget elementor-widget-text-editor\" data-id=\"77f6c4a\" data-element_type=\"widget\" data-widget_type=\"text-editor.default\">\n\t\t\t\t<div class=\"elementor-widget-container\">\n\t\t\t\t\t\t\t<p><strong>Rufnummern<\/strong><\/p><p>Telefon<\/p><p>Zentrale: <a href=\"tel:+4930233212101\">(030) 233 212\u20130<\/a><br \/>Termine: <a href=\"tel:+4930233212101\">(030) 233 212\u2013101<\/a><br \/>Rezepte: <a href=\"tel:+4930233212105\">(030) 233 212\u2013105<\/a>\u00a0<\/p><p>Fax: (030) 233 212\u2013199<br \/>E-Mail: <a href=\"mailto:praxis@zfi-berlin.de\">praxis@zfi-berlin.de<\/a><\/p><p>(Anfragen per SMS k\u00f6nnen von uns nicht beantwortet werden)<\/p>\t\t\t\t\t\t<\/div>\n\t\t\t\t<\/div>\n\t\t\t\t<div class=\"elementor-element elementor-element-4925810 elementor-widget elementor-widget-text-editor\" data-id=\"4925810\" data-element_type=\"widget\" data-widget_type=\"text-editor.default\">\n\t\t\t\t<div class=\"elementor-widget-container\">\n\t\t\t\t\t\t\t<p><strong>Termine<\/strong><\/p><p>Sehr geehrte Patient:innen,<br \/>Termine k\u00f6nnen Sie einfach 24 Stunden t\u00e4glich \u00fcber unsere Buchungsplattform <a href=\"https:\/\/www.doctolib.de\/gemeinschaftspraxis\/berlin\/zentrum-fuer-infektiologie-berlin-prenzlauer-berg-zibp\">Doctolib<\/a> buchen.<\/p><p>Zu folgenden Zeiten sind wir telefonisch f\u00fcr Sie erreichbar:<\/p>\t\t\t\t\t\t<\/div>\n\t\t\t\t<\/div>\n\t\t\t\t<section class=\"elementor-section elementor-inner-section elementor-element elementor-element-ae808db elementor-section-boxed elementor-section-height-default elementor-section-height-default qodef-elementor-content-no\" data-id=\"ae808db\" data-element_type=\"section\">\n\t\t\t\t\t\t<div class=\"elementor-container elementor-column-gap-default\">\n\t\t\t\t\t<div class=\"elementor-column elementor-col-50 elementor-inner-column elementor-element elementor-element-a12a362\" data-id=\"a12a362\" data-element_type=\"column\">\n\t\t\t<div class=\"elementor-widget-wrap elementor-element-populated\">\n\t\t\t\t\t\t\t\t<div class=\"elementor-element elementor-element-d8a44da elementor-widget elementor-widget-text-editor\" data-id=\"d8a44da\" data-element_type=\"widget\" data-widget_type=\"text-editor.default\">\n\t\t\t\t<div class=\"elementor-widget-container\">\n\t\t\t\t\t\t\t<p>Montag<br \/>Dienstag<br \/>Mittwoch<br \/>Donnerstag<br \/>Freitag<\/p>\t\t\t\t\t\t<\/div>\n\t\t\t\t<\/div>\n\t\t\t\t\t<\/div>\n\t\t<\/div>\n\t\t\t\t<div class=\"elementor-column elementor-col-50 elementor-inner-column elementor-element elementor-element-5e904f0\" data-id=\"5e904f0\" data-element_type=\"column\">\n\t\t\t<div class=\"elementor-widget-wrap elementor-element-populated\">\n\t\t\t\t\t\t\t\t<div class=\"elementor-element elementor-element-1f861fb elementor-widget elementor-widget-text-editor\" data-id=\"1f861fb\" data-element_type=\"widget\" data-widget_type=\"text-editor.default\">\n\t\t\t\t<div class=\"elementor-widget-container\">\n\t\t\t\t\t\t\t<p>9 \u2013 19 Uhr<br \/>9 \u2013 19 Uhr<br \/>9 \u2013 14 Uhr<br \/>9 \u2013 19 Uhr<br \/>9 \u2013 13 Uhr<\/p>\t\t\t\t\t\t<\/div>\n\t\t\t\t<\/div>\n\t\t\t\t\t<\/div>\n\t\t<\/div>\n\t\t\t\t\t\t\t<\/div>\n\t\t<\/section>\n\t\t\t\t<div class=\"elementor-element elementor-element-3be6af6 elementor-widget elementor-widget-text-editor\" data-id=\"3be6af6\" data-element_type=\"widget\" data-widget_type=\"text-editor.default\">\n\t\t\t\t<div class=\"elementor-widget-container\">\n\t\t\t\t\t\t\t<p><strong>Sprachen: <\/strong>Deutsch, Englisch<\/p>\t\t\t\t\t\t<\/div>\n\t\t\t\t<\/div>\n\t\t\t\t\t<\/div>\n\t\t<\/div>\n\t\t\t\t\t\t\t<\/div>\n\t\t<\/section>\n\t\t\t\t<section class=\"elementor-section elementor-top-section elementor-element elementor-element-524425a elementor-section-boxed elementor-section-height-default elementor-section-height-default qodef-elementor-content-no\" data-id=\"524425a\" data-element_type=\"section\">\n\t\t\t\t\t\t<div class=\"elementor-container elementor-column-gap-default\">\n\t\t\t\t\t<div class=\"elementor-column elementor-col-100 elementor-top-column elementor-element elementor-element-7befc81\" data-id=\"7befc81\" data-element_type=\"column\">\n\t\t\t<div class=\"elementor-widget-wrap\">\n\t\t\t\t\t\t\t\t\t<\/div>\n\t\t<\/div>\n\t\t\t\t\t\t\t<\/div>\n\t\t<\/section>\n\t\t\t\t\t\t\t<\/div>\n\t\t","protected":false},"excerpt":{"rendered":"<p>Kontakt Kontakt zfi &#8211; Zentrum f\u00fcr Infektiologie GmbH Finnl\u00e4ndische Stra\u00dfe 1410439 Berlin www.zfi-berlin.de Rufnummern Telefon Zentrale: (030) 233 212\u20130Termine: (030) 233 212\u2013101Rezepte: (030) 233 212\u2013105\u00a0 Fax: (030) 233 212\u2013199E-Mail: praxis@zfi-berlin.de (Anfragen per SMS k\u00f6nnen von uns nicht beantwortet werden) Termine Sehr geehrte Patient:innen,Termine k\u00f6nnen Sie einfach 24 Stunden t\u00e4glich \u00fcber unsere Buchungsplattform Doctolib buchen. Zu [&hellip;]<\/p>\n","protected":false},"author":3,"featured_media":13174,"parent":0,"menu_order":0,"comment_status":"closed","ping_status":"closed","template":"page-full-width.php","meta":[],"yoast_head":"<!-- This site is optimized with the Yoast SEO plugin v20.10 - https:\/\/yoast.com\/wordpress\/plugins\/seo\/ -->\n<title>Kontakt - Praxis Berlin<\/title>\n<meta name=\"description\" content=\"Hier finden Sie Anschrift, Kontaktdaten sowie telefonische Sprechzeiten des Zentrums f\u00fcr Infektiologie Praxis Berlin.\" \/>\n<meta name=\"robots\" content=\"index, follow, max-snippet:-1, max-image-preview:large, max-video-preview:-1\" \/>\n<link rel=\"canonical\" href=\"https:\/\/zfi-berlin.de\/praxis-berlin\/kontakt\/\" \/>\n<meta property=\"og:locale\" content=\"de_DE\" \/>\n<meta property=\"og:type\" content=\"article\" \/>\n<meta property=\"og:title\" content=\"Kontakt - Praxis Berlin\" \/>\n<meta property=\"og:description\" content=\"Hier finden Sie Anschrift, Kontaktdaten sowie telefonische Sprechzeiten des Zentrums f\u00fcr Infektiologie Praxis Berlin.\" \/>\n<meta property=\"og:url\" content=\"https:\/\/zfi-berlin.de\/praxis-berlin\/kontakt\/\" \/>\n<meta property=\"og:site_name\" content=\"Praxis Berlin\" \/>\n<meta property=\"article:modified_time\" content=\"2026-03-16T09:50:56+00:00\" \/>\n<meta property=\"og:image\" content=\"https:\/\/zfi-berlin.de\/praxis-berlin\/wp-content\/uploads\/sites\/3\/2022\/05\/Zentrum-Infektiologie_Favicon_Praxis.png\" \/>\n\t<meta property=\"og:image:width\" content=\"151\" \/>\n\t<meta property=\"og:image:height\" content=\"151\" \/>\n\t<meta property=\"og:image:type\" content=\"image\/png\" \/>\n<meta name=\"twitter:card\" content=\"summary_large_image\" \/>\n<meta name=\"twitter:label1\" content=\"Gesch\u00e4tzte Lesezeit\" \/>\n\t<meta name=\"twitter:data1\" content=\"1\u00a0Minute\" \/>\n<script type=\"application\/ld+json\" class=\"yoast-schema-graph\">{\"@context\":\"https:\/\/schema.org\",\"@graph\":[{\"@type\":\"WebPage\",\"@id\":\"https:\/\/zfi-berlin.de\/praxis-berlin\/kontakt\/\",\"url\":\"https:\/\/zfi-berlin.de\/praxis-berlin\/kontakt\/\",\"name\":\"Kontakt - Praxis Berlin\",\"isPartOf\":{\"@id\":\"https:\/\/zfi-berlin.de\/praxis-berlin\/#website\"},\"datePublished\":\"2022-01-12T10:18:01+00:00\",\"dateModified\":\"2026-03-16T09:50:56+00:00\",\"description\":\"Hier finden Sie Anschrift, Kontaktdaten sowie telefonische Sprechzeiten des Zentrums f\u00fcr Infektiologie Praxis Berlin.\",\"breadcrumb\":{\"@id\":\"https:\/\/zfi-berlin.de\/praxis-berlin\/kontakt\/#breadcrumb\"},\"inLanguage\":\"de\",\"potentialAction\":[{\"@type\":\"ReadAction\",\"target\":[\"https:\/\/zfi-berlin.de\/praxis-berlin\/kontakt\/\"]}]},{\"@type\":\"BreadcrumbList\",\"@id\":\"https:\/\/zfi-berlin.de\/praxis-berlin\/kontakt\/#breadcrumb\",\"itemListElement\":[{\"@type\":\"ListItem\",\"position\":1,\"name\":\"Startseite\",\"item\":\"https:\/\/zfi-berlin.de\/praxis-berlin\/\"},{\"@type\":\"ListItem\",\"position\":2,\"name\":\"Kontakt\"}]},{\"@type\":\"WebSite\",\"@id\":\"https:\/\/zfi-berlin.de\/praxis-berlin\/#website\",\"url\":\"https:\/\/zfi-berlin.de\/praxis-berlin\/\",\"name\":\"Praxis Berlin\",\"description\":\"Zentrum f\u00fcr Infektiologie Praxis Berlin\",\"publisher\":{\"@id\":\"https:\/\/zfi-berlin.de\/praxis-berlin\/#organization\"},\"potentialAction\":[{\"@type\":\"SearchAction\",\"target\":{\"@type\":\"EntryPoint\",\"urlTemplate\":\"https:\/\/zfi-berlin.de\/praxis-berlin\/?s={search_term_string}\"},\"query-input\":\"required name=search_term_string\"}],\"inLanguage\":\"de\"},{\"@type\":\"Organization\",\"@id\":\"https:\/\/zfi-berlin.de\/praxis-berlin\/#organization\",\"name\":\"Zentrum f\u00fcr Infektiologie\",\"url\":\"https:\/\/zfi-berlin.de\/praxis-berlin\/\",\"logo\":{\"@type\":\"ImageObject\",\"inLanguage\":\"de\",\"@id\":\"https:\/\/zfi-berlin.de\/praxis-berlin\/#\/schema\/logo\/image\/\",\"url\":\"https:\/\/zfi-berlin.de\/praxis-berlin\/wp-content\/uploads\/sites\/3\/2022\/05\/Zentrum-Infektiologie_Praxis-Berlin_Logo.png\",\"contentUrl\":\"https:\/\/zfi-berlin.de\/praxis-berlin\/wp-content\/uploads\/sites\/3\/2022\/05\/Zentrum-Infektiologie_Praxis-Berlin_Logo.png\",\"width\":4216,\"height\":2730,\"caption\":\"Zentrum f\u00fcr Infektiologie\"},\"image\":{\"@id\":\"https:\/\/zfi-berlin.de\/praxis-berlin\/#\/schema\/logo\/image\/\"}}]}<\/script>\n<!-- \/ Yoast SEO plugin. -->","yoast_head_json":{"title":"Kontakt - Praxis Berlin","description":"Hier finden Sie Anschrift, Kontaktdaten sowie telefonische Sprechzeiten des Zentrums f\u00fcr Infektiologie Praxis Berlin.","robots":{"index":"index","follow":"follow","max-snippet":"max-snippet:-1","max-image-preview":"max-image-preview:large","max-video-preview":"max-video-preview:-1"},"canonical":"https:\/\/zfi-berlin.de\/praxis-berlin\/kontakt\/","og_locale":"de_DE","og_type":"article","og_title":"Kontakt - Praxis Berlin","og_description":"Hier finden Sie Anschrift, Kontaktdaten sowie telefonische Sprechzeiten des Zentrums f\u00fcr Infektiologie Praxis Berlin.","og_url":"https:\/\/zfi-berlin.de\/praxis-berlin\/kontakt\/","og_site_name":"Praxis Berlin","article_modified_time":"2026-03-16T09:50:56+00:00","og_image":[{"width":151,"height":151,"url":"https:\/\/zfi-berlin.de\/praxis-berlin\/wp-content\/uploads\/sites\/3\/2022\/05\/Zentrum-Infektiologie_Favicon_Praxis.png","type":"image\/png"}],"twitter_card":"summary_large_image","twitter_misc":{"Gesch\u00e4tzte Lesezeit":"1\u00a0Minute"},"schema":{"@context":"https:\/\/schema.org","@graph":[{"@type":"WebPage","@id":"https:\/\/zfi-berlin.de\/praxis-berlin\/kontakt\/","url":"https:\/\/zfi-berlin.de\/praxis-berlin\/kontakt\/","name":"Kontakt - Praxis Berlin","isPartOf":{"@id":"https:\/\/zfi-berlin.de\/praxis-berlin\/#website"},"datePublished":"2022-01-12T10:18:01+00:00","dateModified":"2026-03-16T09:50:56+00:00","description":"Hier finden Sie Anschrift, Kontaktdaten sowie telefonische Sprechzeiten des Zentrums f\u00fcr Infektiologie Praxis Berlin.","breadcrumb":{"@id":"https:\/\/zfi-berlin.de\/praxis-berlin\/kontakt\/#breadcrumb"},"inLanguage":"de","potentialAction":[{"@type":"ReadAction","target":["https:\/\/zfi-berlin.de\/praxis-berlin\/kontakt\/"]}]},{"@type":"BreadcrumbList","@id":"https:\/\/zfi-berlin.de\/praxis-berlin\/kontakt\/#breadcrumb","itemListElement":[{"@type":"ListItem","position":1,"name":"Startseite","item":"https:\/\/zfi-berlin.de\/praxis-berlin\/"},{"@type":"ListItem","position":2,"name":"Kontakt"}]},{"@type":"WebSite","@id":"https:\/\/zfi-berlin.de\/praxis-berlin\/#website","url":"https:\/\/zfi-berlin.de\/praxis-berlin\/","name":"Praxis Berlin","description":"Zentrum f\u00fcr Infektiologie Praxis Berlin","publisher":{"@id":"https:\/\/zfi-berlin.de\/praxis-berlin\/#organization"},"potentialAction":[{"@type":"SearchAction","target":{"@type":"EntryPoint","urlTemplate":"https:\/\/zfi-berlin.de\/praxis-berlin\/?s={search_term_string}"},"query-input":"required name=search_term_string"}],"inLanguage":"de"},{"@type":"Organization","@id":"https:\/\/zfi-berlin.de\/praxis-berlin\/#organization","name":"Zentrum f\u00fcr Infektiologie","url":"https:\/\/zfi-berlin.de\/praxis-berlin\/","logo":{"@type":"ImageObject","inLanguage":"de","@id":"https:\/\/zfi-berlin.de\/praxis-berlin\/#\/schema\/logo\/image\/","url":"https:\/\/zfi-berlin.de\/praxis-berlin\/wp-content\/uploads\/sites\/3\/2022\/05\/Zentrum-Infektiologie_Praxis-Berlin_Logo.png","contentUrl":"https:\/\/zfi-berlin.de\/praxis-berlin\/wp-content\/uploads\/sites\/3\/2022\/05\/Zentrum-Infektiologie_Praxis-Berlin_Logo.png","width":4216,"height":2730,"caption":"Zentrum f\u00fcr Infektiologie"},"image":{"@id":"https:\/\/zfi-berlin.de\/praxis-berlin\/#\/schema\/logo\/image\/"}}]}},"_links":{"self":[{"href":"https:\/\/zfi-berlin.de\/praxis-berlin\/wp-json\/wp\/v2\/pages\/54"}],"collection":[{"href":"https:\/\/zfi-berlin.de\/praxis-berlin\/wp-json\/wp\/v2\/pages"}],"about":[{"href":"https:\/\/zfi-berlin.de\/praxis-berlin\/wp-json\/wp\/v2\/types\/page"}],"author":[{"embeddable":true,"href":"https:\/\/zfi-berlin.de\/praxis-berlin\/wp-json\/wp\/v2\/users\/3"}],"replies":[{"embeddable":true,"href":"https:\/\/zfi-berlin.de\/praxis-berlin\/wp-json\/wp\/v2\/comments?post=54"}],"version-history":[{"count":10,"href":"https:\/\/zfi-berlin.de\/praxis-berlin\/wp-json\/wp\/v2\/pages\/54\/revisions"}],"predecessor-version":[{"id":19744,"href":"https:\/\/zfi-berlin.de\/praxis-berlin\/wp-json\/wp\/v2\/pages\/54\/revisions\/19744"}],"wp:featuredmedia":[{"embeddable":true,"href":"https:\/\/zfi-berlin.de\/praxis-berlin\/wp-json\/wp\/v2\/media\/13174"}],"wp:attachment":[{"href":"https:\/\/zfi-berlin.de\/praxis-berlin\/wp-json\/wp\/v2\/media?parent=54"}],"curies":[{"name":"wp","href":"https:\/\/api.w.org\/{rel}","templated":true}]}}