{"id":14912,"date":"2022-09-22T15:10:45","date_gmt":"2022-09-22T13:10:45","guid":{"rendered":"https:\/\/testing.zfi-berlin.de\/praxis-berlin\/?page_id=14912"},"modified":"2022-11-23T15:14:30","modified_gmt":"2022-11-23T14:14:30","slug":"medizinproduktesicherheit","status":"publish","type":"page","link":"https:\/\/zfi-berlin.de\/praxis-berlin\/medizinproduktesicherheit\/","title":{"rendered":"Medizinproduktesicherheit"},"content":{"rendered":"\t\t<div data-elementor-type=\"wp-page\" data-elementor-id=\"14912\" class=\"elementor elementor-14912\" data-elementor-post-type=\"page\">\n\t\t\t\t\t\t\t\t\t<section class=\"elementor-section elementor-top-section elementor-element elementor-element-3a96ae5 elementor-section-height-min-height elementor-hidden-mobile elementor-section-boxed elementor-section-height-default elementor-section-items-middle qodef-elementor-content-no\" data-id=\"3a96ae5\" data-element_type=\"section\" data-settings=\"{&quot;background_background&quot;:&quot;classic&quot;}\">\n\t\t\t\t\t\t\t<div class=\"elementor-background-overlay\"><\/div>\n\t\t\t\t\t\t\t<div class=\"elementor-container elementor-column-gap-default\">\n\t\t\t\t\t<div class=\"elementor-column elementor-col-100 elementor-top-column elementor-element elementor-element-4b5489e\" data-id=\"4b5489e\" data-element_type=\"column\">\n\t\t\t<div class=\"elementor-widget-wrap elementor-element-populated\">\n\t\t\t\t\t\t\t\t<div class=\"elementor-element elementor-element-93412d7 elementor-widget elementor-widget-spacer\" data-id=\"93412d7\" data-element_type=\"widget\" data-widget_type=\"spacer.default\">\n\t\t\t\t<div class=\"elementor-widget-container\">\n\t\t\t<style>\/*! elementor - v3.14.0 - 26-06-2023 *\/\n.elementor-column .elementor-spacer-inner{height:var(--spacer-size)}.e-con{--container-widget-width:100%}.e-con-inner>.elementor-widget-spacer,.e-con>.elementor-widget-spacer{width:var(--container-widget-width,var(--spacer-size));--align-self:var(--container-widget-align-self,initial);--flex-shrink:0}.e-con-inner>.elementor-widget-spacer>.elementor-widget-container,.e-con-inner>.elementor-widget-spacer>.elementor-widget-container>.elementor-spacer,.e-con>.elementor-widget-spacer>.elementor-widget-container,.e-con>.elementor-widget-spacer>.elementor-widget-container>.elementor-spacer{height:100%}.e-con-inner>.elementor-widget-spacer>.elementor-widget-container>.elementor-spacer>.elementor-spacer-inner,.e-con>.elementor-widget-spacer>.elementor-widget-container>.elementor-spacer>.elementor-spacer-inner{height:var(--container-widget-height,var(--spacer-size))}<\/style>\t\t<div class=\"elementor-spacer\">\n\t\t\t<div class=\"elementor-spacer-inner\"><\/div>\n\t\t<\/div>\n\t\t\t\t<\/div>\n\t\t\t\t<\/div>\n\t\t\t\t<div class=\"elementor-element elementor-element-98eea32 elementor-widget elementor-widget-heading\" data-id=\"98eea32\" data-element_type=\"widget\" data-widget_type=\"heading.default\">\n\t\t\t\t<div class=\"elementor-widget-container\">\n\t\t\t<style>\/*! elementor - v3.14.0 - 26-06-2023 *\/\n.elementor-heading-title{padding:0;margin:0;line-height:1}.elementor-widget-heading .elementor-heading-title[class*=elementor-size-]>a{color:inherit;font-size:inherit;line-height:inherit}.elementor-widget-heading .elementor-heading-title.elementor-size-small{font-size:15px}.elementor-widget-heading .elementor-heading-title.elementor-size-medium{font-size:19px}.elementor-widget-heading .elementor-heading-title.elementor-size-large{font-size:29px}.elementor-widget-heading .elementor-heading-title.elementor-size-xl{font-size:39px}.elementor-widget-heading .elementor-heading-title.elementor-size-xxl{font-size:59px}<\/style><h1 class=\"elementor-heading-title elementor-size-default\">Medizinprodukte&shy;sicherheit<\/h1>\t\t<\/div>\n\t\t\t\t<\/div>\n\t\t\t\t\t<\/div>\n\t\t<\/div>\n\t\t\t\t\t\t\t<\/div>\n\t\t<\/section>\n\t\t\t\t<section class=\"elementor-section elementor-top-section elementor-element elementor-element-1292340 elementor-section-height-min-height elementor-hidden-desktop elementor-hidden-tablet elementor-section-boxed elementor-section-height-default elementor-section-items-middle qodef-elementor-content-no\" data-id=\"1292340\" data-element_type=\"section\" data-settings=\"{&quot;background_background&quot;:&quot;classic&quot;}\">\n\t\t\t\t\t\t\t<div class=\"elementor-background-overlay\"><\/div>\n\t\t\t\t\t\t\t<div class=\"elementor-container elementor-column-gap-default\">\n\t\t\t\t\t<div class=\"elementor-column elementor-col-100 elementor-top-column elementor-element elementor-element-8c13499\" data-id=\"8c13499\" data-element_type=\"column\">\n\t\t\t<div class=\"elementor-widget-wrap elementor-element-populated\">\n\t\t\t\t\t\t\t\t<div class=\"elementor-element elementor-element-6e5b8de elementor-widget elementor-widget-spacer\" data-id=\"6e5b8de\" data-element_type=\"widget\" data-widget_type=\"spacer.default\">\n\t\t\t\t<div class=\"elementor-widget-container\">\n\t\t\t\t\t<div class=\"elementor-spacer\">\n\t\t\t<div class=\"elementor-spacer-inner\"><\/div>\n\t\t<\/div>\n\t\t\t\t<\/div>\n\t\t\t\t<\/div>\n\t\t\t\t<div class=\"elementor-element elementor-element-d552346 elementor-widget elementor-widget-heading\" data-id=\"d552346\" data-element_type=\"widget\" data-widget_type=\"heading.default\">\n\t\t\t\t<div class=\"elementor-widget-container\">\n\t\t\t<h1 class=\"elementor-heading-title elementor-size-default\">Medizin&shy;produkte&shy;sicherheit<\/h1>\t\t<\/div>\n\t\t\t\t<\/div>\n\t\t\t\t\t<\/div>\n\t\t<\/div>\n\t\t\t\t\t\t\t<\/div>\n\t\t<\/section>\n\t\t\t\t<section class=\"elementor-section elementor-top-section elementor-element elementor-element-f79d657 elementor-section-boxed elementor-section-height-default elementor-section-height-default qodef-elementor-content-no\" data-id=\"f79d657\" data-element_type=\"section\">\n\t\t\t\t\t\t<div class=\"elementor-container elementor-column-gap-default\">\n\t\t\t\t\t<div class=\"elementor-column elementor-col-100 elementor-top-column elementor-element elementor-element-2f59a30\" data-id=\"2f59a30\" data-element_type=\"column\">\n\t\t\t<div class=\"elementor-widget-wrap elementor-element-populated\">\n\t\t\t\t\t\t\t\t<div class=\"elementor-element elementor-element-69684d8 elementor-widget elementor-widget-spacer\" data-id=\"69684d8\" data-element_type=\"widget\" data-widget_type=\"spacer.default\">\n\t\t\t\t<div class=\"elementor-widget-container\">\n\t\t\t\t\t<div class=\"elementor-spacer\">\n\t\t\t<div class=\"elementor-spacer-inner\"><\/div>\n\t\t<\/div>\n\t\t\t\t<\/div>\n\t\t\t\t<\/div>\n\t\t\t\t<div class=\"elementor-element elementor-element-958533a elementor-widget elementor-widget-text-editor\" data-id=\"958533a\" data-element_type=\"widget\" data-widget_type=\"text-editor.default\">\n\t\t\t\t<div class=\"elementor-widget-container\">\n\t\t\t<style>\/*! elementor - v3.14.0 - 26-06-2023 *\/\n.elementor-widget-text-editor.elementor-drop-cap-view-stacked .elementor-drop-cap{background-color:#69727d;color:#fff}.elementor-widget-text-editor.elementor-drop-cap-view-framed .elementor-drop-cap{color:#69727d;border:3px solid;background-color:transparent}.elementor-widget-text-editor:not(.elementor-drop-cap-view-default) .elementor-drop-cap{margin-top:8px}.elementor-widget-text-editor:not(.elementor-drop-cap-view-default) .elementor-drop-cap-letter{width:1em;height:1em}.elementor-widget-text-editor .elementor-drop-cap{float:left;text-align:center;line-height:1;font-size:50px}.elementor-widget-text-editor .elementor-drop-cap-letter{display:inline-block}<\/style>\t\t\t\t<p>Gem\u00e4\u00df \u00a7 6 der Medizinprodukte-Betreiber\u00ad\u00adverordnung (MPBetreibV) steht Ihnen bei der zfi &#8211; Zentrum f\u00fcr Infektiologie GmbH ein Beauftragter f\u00fcr Medizin\u00ad\u00ad\u00adprodukte\u00ad\u00adsicherheit zur Verf\u00fcgung. Er nimmt gem. \u00a7 6 MPBetreibV in der Fassung vom 01.01.2017 u.a. folgende Aufgaben wahr:<\/p>\n<ul>\n<li>Kontaktperson f\u00fcr Beh\u00f6rden, Hersteller und Vertreiber im Zusammenhang mit Meldungen \u00fcber Risiken von Medizin\u00ad\u00adprodukten<\/li>\n<li>Koordinierung interner Prozesse zur Erf\u00fcllung der Melde- und Mitwirkungs\u00ad\u00adpflichten der Anwender und Betreiber<\/li>\n<li>Umsetzung und Koordinierung der Durchf\u00fchrung korrektiver Ma\u00dfnahmen und der R\u00fcck\u00adruf\u00ad\u00adma\u00dfnahmen durch den Verantwortlichen nach \u00a7 5 des Medizin\u00adprodukte\u00ad\u00adgesetzes<\/li>\n<\/ul>\n<p>Sie erreichen den Beauftragten f\u00fcr Medizin\u00adprodukte\u00adsicherheit \u00fcber folgende E-Mail-Adresse: <a href=\"mailto:medizinproduktesicherheit@zfi-berlin.de\">medizinproduktesicherheit@zfi-berlin.de<\/a><\/p>\n<p>Die aktuelle Medizinprodukte-Betreiber\u00adverordnung (MPBetreibV) verlangt im \u00a76, dass jede Gesundheits\u00ad\u00adeinrichtung mit regelm\u00e4\u00dfig mehr als 20 Besch\u00e4ftigten sicher\u00adzustellen hat, dass eine sachkundige und zuverl\u00e4ssige Person mit medizinischer, natur\u00ad\u00adwissenschaftlicher, pflegerischer, pharmazeutischer oder technischer Ausbildung als Beauftragter f\u00fcr Medizin\u00ad\u00adprodukte\u00ad\u00adsicherheit bestimmt ist. Dies gilt zum 01.01.2017 ohne \u00dcbergangs\u00adzeit.<\/p>\t\t\t\t\t\t<\/div>\n\t\t\t\t<\/div>\n\t\t\t\t<div class=\"elementor-element elementor-element-831122f elementor-widget elementor-widget-spacer\" data-id=\"831122f\" data-element_type=\"widget\" data-widget_type=\"spacer.default\">\n\t\t\t\t<div class=\"elementor-widget-container\">\n\t\t\t\t\t<div class=\"elementor-spacer\">\n\t\t\t<div class=\"elementor-spacer-inner\"><\/div>\n\t\t<\/div>\n\t\t\t\t<\/div>\n\t\t\t\t<\/div>\n\t\t\t\t\t<\/div>\n\t\t<\/div>\n\t\t\t\t\t\t\t<\/div>\n\t\t<\/section>\n\t\t\t\t\t\t\t<\/div>\n\t\t","protected":false},"excerpt":{"rendered":"<p>Medizinprodukte&shy;sicherheit Medizin&shy;produkte&shy;sicherheit Gem\u00e4\u00df \u00a7 6 der Medizinprodukte-Betreiber\u00ad\u00adverordnung (MPBetreibV) steht Ihnen bei der zfi &#8211; Zentrum f\u00fcr Infektiologie GmbH ein Beauftragter f\u00fcr Medizin\u00ad\u00ad\u00adprodukte\u00ad\u00adsicherheit zur Verf\u00fcgung. Er nimmt gem. \u00a7 6 MPBetreibV in der Fassung vom 01.01.2017 u.a. folgende Aufgaben wahr: Kontaktperson f\u00fcr Beh\u00f6rden, Hersteller und Vertreiber im Zusammenhang mit Meldungen \u00fcber Risiken von Medizin\u00ad\u00adprodukten Koordinierung interner [&hellip;]<\/p>\n","protected":false},"author":3,"featured_media":13174,"parent":0,"menu_order":0,"comment_status":"closed","ping_status":"closed","template":"page-full-width.php","meta":[],"yoast_head":"<!-- This site is optimized with the Yoast SEO plugin v20.10 - https:\/\/yoast.com\/wordpress\/plugins\/seo\/ -->\n<title>Medizinproduktesicherheit - Praxis Berlin<\/title>\n<meta name=\"description\" content=\"Medizinproduktesicherheit gem\u00e4\u00df \u00a76 der Medizinprodukte-Betreiber\u00ad\u00adverordnung (MPBetreibV) bei der zfi \u2013 Zentrum f\u00fcr Infektiologie GmbH.\" \/>\n<meta name=\"robots\" content=\"index, follow, max-snippet:-1, max-image-preview:large, max-video-preview:-1\" \/>\n<link rel=\"canonical\" href=\"https:\/\/zfi-berlin.de\/praxis-berlin\/medizinproduktesicherheit\/\" \/>\n<meta property=\"og:locale\" content=\"de_DE\" \/>\n<meta property=\"og:type\" content=\"article\" \/>\n<meta property=\"og:title\" content=\"Medizinproduktesicherheit - Praxis Berlin\" \/>\n<meta property=\"og:description\" content=\"Medizinproduktesicherheit gem\u00e4\u00df \u00a76 der Medizinprodukte-Betreiber\u00ad\u00adverordnung (MPBetreibV) bei der zfi \u2013 Zentrum f\u00fcr Infektiologie GmbH.\" \/>\n<meta property=\"og:url\" content=\"https:\/\/zfi-berlin.de\/praxis-berlin\/medizinproduktesicherheit\/\" \/>\n<meta property=\"og:site_name\" content=\"Praxis Berlin\" \/>\n<meta property=\"article:modified_time\" content=\"2022-11-23T14:14:30+00:00\" \/>\n<meta property=\"og:image\" content=\"https:\/\/zfi-berlin.de\/praxis-berlin\/wp-content\/uploads\/sites\/3\/2022\/05\/Zentrum-Infektiologie_Favicon_Praxis.png\" \/>\n\t<meta property=\"og:image:width\" content=\"151\" \/>\n\t<meta property=\"og:image:height\" content=\"151\" \/>\n\t<meta property=\"og:image:type\" content=\"image\/png\" \/>\n<meta name=\"twitter:card\" content=\"summary_large_image\" \/>\n<meta name=\"twitter:label1\" content=\"Gesch\u00e4tzte Lesezeit\" \/>\n\t<meta name=\"twitter:data1\" content=\"1\u00a0Minute\" \/>\n<script type=\"application\/ld+json\" class=\"yoast-schema-graph\">{\"@context\":\"https:\/\/schema.org\",\"@graph\":[{\"@type\":\"WebPage\",\"@id\":\"https:\/\/zfi-berlin.de\/praxis-berlin\/medizinproduktesicherheit\/\",\"url\":\"https:\/\/zfi-berlin.de\/praxis-berlin\/medizinproduktesicherheit\/\",\"name\":\"Medizinproduktesicherheit - Praxis Berlin\",\"isPartOf\":{\"@id\":\"https:\/\/zfi-berlin.de\/praxis-berlin\/#website\"},\"datePublished\":\"2022-09-22T13:10:45+00:00\",\"dateModified\":\"2022-11-23T14:14:30+00:00\",\"description\":\"Medizinproduktesicherheit gem\u00e4\u00df \u00a76 der Medizinprodukte-Betreiber\u00ad\u00adverordnung (MPBetreibV) bei der zfi \u2013 Zentrum f\u00fcr Infektiologie GmbH.\",\"breadcrumb\":{\"@id\":\"https:\/\/zfi-berlin.de\/praxis-berlin\/medizinproduktesicherheit\/#breadcrumb\"},\"inLanguage\":\"de\",\"potentialAction\":[{\"@type\":\"ReadAction\",\"target\":[\"https:\/\/zfi-berlin.de\/praxis-berlin\/medizinproduktesicherheit\/\"]}]},{\"@type\":\"BreadcrumbList\",\"@id\":\"https:\/\/zfi-berlin.de\/praxis-berlin\/medizinproduktesicherheit\/#breadcrumb\",\"itemListElement\":[{\"@type\":\"ListItem\",\"position\":1,\"name\":\"Startseite\",\"item\":\"https:\/\/zfi-berlin.de\/praxis-berlin\/\"},{\"@type\":\"ListItem\",\"position\":2,\"name\":\"Medizinproduktesicherheit\"}]},{\"@type\":\"WebSite\",\"@id\":\"https:\/\/zfi-berlin.de\/praxis-berlin\/#website\",\"url\":\"https:\/\/zfi-berlin.de\/praxis-berlin\/\",\"name\":\"Praxis Berlin\",\"description\":\"Zentrum f\u00fcr Infektiologie Praxis Berlin\",\"publisher\":{\"@id\":\"https:\/\/zfi-berlin.de\/praxis-berlin\/#organization\"},\"potentialAction\":[{\"@type\":\"SearchAction\",\"target\":{\"@type\":\"EntryPoint\",\"urlTemplate\":\"https:\/\/zfi-berlin.de\/praxis-berlin\/?s={search_term_string}\"},\"query-input\":\"required name=search_term_string\"}],\"inLanguage\":\"de\"},{\"@type\":\"Organization\",\"@id\":\"https:\/\/zfi-berlin.de\/praxis-berlin\/#organization\",\"name\":\"Zentrum f\u00fcr Infektiologie\",\"url\":\"https:\/\/zfi-berlin.de\/praxis-berlin\/\",\"logo\":{\"@type\":\"ImageObject\",\"inLanguage\":\"de\",\"@id\":\"https:\/\/zfi-berlin.de\/praxis-berlin\/#\/schema\/logo\/image\/\",\"url\":\"https:\/\/zfi-berlin.de\/praxis-berlin\/wp-content\/uploads\/sites\/3\/2022\/05\/Zentrum-Infektiologie_Praxis-Berlin_Logo.png\",\"contentUrl\":\"https:\/\/zfi-berlin.de\/praxis-berlin\/wp-content\/uploads\/sites\/3\/2022\/05\/Zentrum-Infektiologie_Praxis-Berlin_Logo.png\",\"width\":4216,\"height\":2730,\"caption\":\"Zentrum f\u00fcr Infektiologie\"},\"image\":{\"@id\":\"https:\/\/zfi-berlin.de\/praxis-berlin\/#\/schema\/logo\/image\/\"}}]}<\/script>\n<!-- \/ Yoast SEO plugin. -->","yoast_head_json":{"title":"Medizinproduktesicherheit - Praxis Berlin","description":"Medizinproduktesicherheit gem\u00e4\u00df \u00a76 der Medizinprodukte-Betreiber\u00ad\u00adverordnung (MPBetreibV) bei der zfi \u2013 Zentrum f\u00fcr Infektiologie GmbH.","robots":{"index":"index","follow":"follow","max-snippet":"max-snippet:-1","max-image-preview":"max-image-preview:large","max-video-preview":"max-video-preview:-1"},"canonical":"https:\/\/zfi-berlin.de\/praxis-berlin\/medizinproduktesicherheit\/","og_locale":"de_DE","og_type":"article","og_title":"Medizinproduktesicherheit - Praxis Berlin","og_description":"Medizinproduktesicherheit gem\u00e4\u00df \u00a76 der Medizinprodukte-Betreiber\u00ad\u00adverordnung (MPBetreibV) bei der zfi \u2013 Zentrum f\u00fcr Infektiologie GmbH.","og_url":"https:\/\/zfi-berlin.de\/praxis-berlin\/medizinproduktesicherheit\/","og_site_name":"Praxis Berlin","article_modified_time":"2022-11-23T14:14:30+00:00","og_image":[{"width":151,"height":151,"url":"https:\/\/zfi-berlin.de\/praxis-berlin\/wp-content\/uploads\/sites\/3\/2022\/05\/Zentrum-Infektiologie_Favicon_Praxis.png","type":"image\/png"}],"twitter_card":"summary_large_image","twitter_misc":{"Gesch\u00e4tzte Lesezeit":"1\u00a0Minute"},"schema":{"@context":"https:\/\/schema.org","@graph":[{"@type":"WebPage","@id":"https:\/\/zfi-berlin.de\/praxis-berlin\/medizinproduktesicherheit\/","url":"https:\/\/zfi-berlin.de\/praxis-berlin\/medizinproduktesicherheit\/","name":"Medizinproduktesicherheit - Praxis Berlin","isPartOf":{"@id":"https:\/\/zfi-berlin.de\/praxis-berlin\/#website"},"datePublished":"2022-09-22T13:10:45+00:00","dateModified":"2022-11-23T14:14:30+00:00","description":"Medizinproduktesicherheit gem\u00e4\u00df \u00a76 der Medizinprodukte-Betreiber\u00ad\u00adverordnung (MPBetreibV) bei der zfi \u2013 Zentrum f\u00fcr Infektiologie GmbH.","breadcrumb":{"@id":"https:\/\/zfi-berlin.de\/praxis-berlin\/medizinproduktesicherheit\/#breadcrumb"},"inLanguage":"de","potentialAction":[{"@type":"ReadAction","target":["https:\/\/zfi-berlin.de\/praxis-berlin\/medizinproduktesicherheit\/"]}]},{"@type":"BreadcrumbList","@id":"https:\/\/zfi-berlin.de\/praxis-berlin\/medizinproduktesicherheit\/#breadcrumb","itemListElement":[{"@type":"ListItem","position":1,"name":"Startseite","item":"https:\/\/zfi-berlin.de\/praxis-berlin\/"},{"@type":"ListItem","position":2,"name":"Medizinproduktesicherheit"}]},{"@type":"WebSite","@id":"https:\/\/zfi-berlin.de\/praxis-berlin\/#website","url":"https:\/\/zfi-berlin.de\/praxis-berlin\/","name":"Praxis Berlin","description":"Zentrum f\u00fcr Infektiologie Praxis Berlin","publisher":{"@id":"https:\/\/zfi-berlin.de\/praxis-berlin\/#organization"},"potentialAction":[{"@type":"SearchAction","target":{"@type":"EntryPoint","urlTemplate":"https:\/\/zfi-berlin.de\/praxis-berlin\/?s={search_term_string}"},"query-input":"required name=search_term_string"}],"inLanguage":"de"},{"@type":"Organization","@id":"https:\/\/zfi-berlin.de\/praxis-berlin\/#organization","name":"Zentrum f\u00fcr Infektiologie","url":"https:\/\/zfi-berlin.de\/praxis-berlin\/","logo":{"@type":"ImageObject","inLanguage":"de","@id":"https:\/\/zfi-berlin.de\/praxis-berlin\/#\/schema\/logo\/image\/","url":"https:\/\/zfi-berlin.de\/praxis-berlin\/wp-content\/uploads\/sites\/3\/2022\/05\/Zentrum-Infektiologie_Praxis-Berlin_Logo.png","contentUrl":"https:\/\/zfi-berlin.de\/praxis-berlin\/wp-content\/uploads\/sites\/3\/2022\/05\/Zentrum-Infektiologie_Praxis-Berlin_Logo.png","width":4216,"height":2730,"caption":"Zentrum f\u00fcr Infektiologie"},"image":{"@id":"https:\/\/zfi-berlin.de\/praxis-berlin\/#\/schema\/logo\/image\/"}}]}},"_links":{"self":[{"href":"https:\/\/zfi-berlin.de\/praxis-berlin\/wp-json\/wp\/v2\/pages\/14912"}],"collection":[{"href":"https:\/\/zfi-berlin.de\/praxis-berlin\/wp-json\/wp\/v2\/pages"}],"about":[{"href":"https:\/\/zfi-berlin.de\/praxis-berlin\/wp-json\/wp\/v2\/types\/page"}],"author":[{"embeddable":true,"href":"https:\/\/zfi-berlin.de\/praxis-berlin\/wp-json\/wp\/v2\/users\/3"}],"replies":[{"embeddable":true,"href":"https:\/\/zfi-berlin.de\/praxis-berlin\/wp-json\/wp\/v2\/comments?post=14912"}],"version-history":[{"count":9,"href":"https:\/\/zfi-berlin.de\/praxis-berlin\/wp-json\/wp\/v2\/pages\/14912\/revisions"}],"predecessor-version":[{"id":15606,"href":"https:\/\/zfi-berlin.de\/praxis-berlin\/wp-json\/wp\/v2\/pages\/14912\/revisions\/15606"}],"wp:featuredmedia":[{"embeddable":true,"href":"https:\/\/zfi-berlin.de\/praxis-berlin\/wp-json\/wp\/v2\/media\/13174"}],"wp:attachment":[{"href":"https:\/\/zfi-berlin.de\/praxis-berlin\/wp-json\/wp\/v2\/media?parent=14912"}],"curies":[{"name":"wp","href":"https:\/\/api.w.org\/{rel}","templated":true}]}}