{"id":14846,"date":"2022-09-22T10:44:09","date_gmt":"2022-09-22T08:44:09","guid":{"rendered":"https:\/\/testing.zfi-berlin.de\/praxis-berlin\/?page_id=14846"},"modified":"2026-03-16T13:51:39","modified_gmt":"2026-03-16T12:51:39","slug":"jobs","status":"publish","type":"page","link":"https:\/\/zfi-berlin.de\/praxis-berlin\/jobs\/","title":{"rendered":"Jobs"},"content":{"rendered":"\t\t<div data-elementor-type=\"wp-page\" data-elementor-id=\"14846\" class=\"elementor elementor-14846\" data-elementor-post-type=\"page\">\n\t\t\t\t\t\t\t\t\t<section class=\"elementor-section elementor-top-section elementor-element elementor-element-0c722b7 elementor-section-height-min-height elementor-hidden-mobile elementor-section-boxed elementor-section-height-default elementor-section-items-middle qodef-elementor-content-no\" data-id=\"0c722b7\" data-element_type=\"section\" data-settings=\"{&quot;background_background&quot;:&quot;classic&quot;}\">\n\t\t\t\t\t\t\t<div class=\"elementor-background-overlay\"><\/div>\n\t\t\t\t\t\t\t<div class=\"elementor-container elementor-column-gap-default\">\n\t\t\t\t\t<div class=\"elementor-column elementor-col-100 elementor-top-column elementor-element elementor-element-023bece\" data-id=\"023bece\" data-element_type=\"column\">\n\t\t\t<div class=\"elementor-widget-wrap elementor-element-populated\">\n\t\t\t\t\t\t\t\t<div class=\"elementor-element elementor-element-f52c01f elementor-widget elementor-widget-spacer\" data-id=\"f52c01f\" data-element_type=\"widget\" data-widget_type=\"spacer.default\">\n\t\t\t\t<div class=\"elementor-widget-container\">\n\t\t\t<style>\/*! elementor - v3.14.0 - 26-06-2023 *\/\n.elementor-column .elementor-spacer-inner{height:var(--spacer-size)}.e-con{--container-widget-width:100%}.e-con-inner>.elementor-widget-spacer,.e-con>.elementor-widget-spacer{width:var(--container-widget-width,var(--spacer-size));--align-self:var(--container-widget-align-self,initial);--flex-shrink:0}.e-con-inner>.elementor-widget-spacer>.elementor-widget-container,.e-con-inner>.elementor-widget-spacer>.elementor-widget-container>.elementor-spacer,.e-con>.elementor-widget-spacer>.elementor-widget-container,.e-con>.elementor-widget-spacer>.elementor-widget-container>.elementor-spacer{height:100%}.e-con-inner>.elementor-widget-spacer>.elementor-widget-container>.elementor-spacer>.elementor-spacer-inner,.e-con>.elementor-widget-spacer>.elementor-widget-container>.elementor-spacer>.elementor-spacer-inner{height:var(--container-widget-height,var(--spacer-size))}<\/style>\t\t<div class=\"elementor-spacer\">\n\t\t\t<div class=\"elementor-spacer-inner\"><\/div>\n\t\t<\/div>\n\t\t\t\t<\/div>\n\t\t\t\t<\/div>\n\t\t\t\t<div class=\"elementor-element elementor-element-be52309 elementor-widget elementor-widget-spacer\" data-id=\"be52309\" data-element_type=\"widget\" data-widget_type=\"spacer.default\">\n\t\t\t\t<div class=\"elementor-widget-container\">\n\t\t\t\t\t<div class=\"elementor-spacer\">\n\t\t\t<div class=\"elementor-spacer-inner\"><\/div>\n\t\t<\/div>\n\t\t\t\t<\/div>\n\t\t\t\t<\/div>\n\t\t\t\t<div class=\"elementor-element elementor-element-19f808a elementor-widget elementor-widget-heading\" data-id=\"19f808a\" data-element_type=\"widget\" data-widget_type=\"heading.default\">\n\t\t\t\t<div class=\"elementor-widget-container\">\n\t\t\t<style>\/*! elementor - v3.14.0 - 26-06-2023 *\/\n.elementor-heading-title{padding:0;margin:0;line-height:1}.elementor-widget-heading .elementor-heading-title[class*=elementor-size-]>a{color:inherit;font-size:inherit;line-height:inherit}.elementor-widget-heading .elementor-heading-title.elementor-size-small{font-size:15px}.elementor-widget-heading .elementor-heading-title.elementor-size-medium{font-size:19px}.elementor-widget-heading .elementor-heading-title.elementor-size-large{font-size:29px}.elementor-widget-heading .elementor-heading-title.elementor-size-xl{font-size:39px}.elementor-widget-heading .elementor-heading-title.elementor-size-xxl{font-size:59px}<\/style><h1 class=\"elementor-heading-title elementor-size-default\">Arbeiten im Zentrum<br>f\u00fcr Infektiologie<\/h1>\t\t<\/div>\n\t\t\t\t<\/div>\n\t\t\t\t\t<\/div>\n\t\t<\/div>\n\t\t\t\t\t\t\t<\/div>\n\t\t<\/section>\n\t\t\t\t<section class=\"elementor-section elementor-top-section elementor-element elementor-element-8ae905c elementor-section-height-min-height elementor-hidden-desktop elementor-hidden-tablet elementor-section-boxed elementor-section-height-default elementor-section-items-middle qodef-elementor-content-no\" data-id=\"8ae905c\" data-element_type=\"section\" data-settings=\"{&quot;background_background&quot;:&quot;classic&quot;}\">\n\t\t\t\t\t\t\t<div class=\"elementor-background-overlay\"><\/div>\n\t\t\t\t\t\t\t<div class=\"elementor-container elementor-column-gap-default\">\n\t\t\t\t\t<div class=\"elementor-column elementor-col-100 elementor-top-column elementor-element elementor-element-224c55b\" data-id=\"224c55b\" data-element_type=\"column\">\n\t\t\t<div class=\"elementor-widget-wrap elementor-element-populated\">\n\t\t\t\t\t\t\t\t<div class=\"elementor-element elementor-element-1acb116 elementor-widget elementor-widget-spacer\" data-id=\"1acb116\" data-element_type=\"widget\" data-widget_type=\"spacer.default\">\n\t\t\t\t<div class=\"elementor-widget-container\">\n\t\t\t\t\t<div class=\"elementor-spacer\">\n\t\t\t<div class=\"elementor-spacer-inner\"><\/div>\n\t\t<\/div>\n\t\t\t\t<\/div>\n\t\t\t\t<\/div>\n\t\t\t\t<div class=\"elementor-element elementor-element-945e8f5 elementor-widget elementor-widget-heading\" data-id=\"945e8f5\" data-element_type=\"widget\" data-widget_type=\"heading.default\">\n\t\t\t\t<div class=\"elementor-widget-container\">\n\t\t\t<h1 class=\"elementor-heading-title elementor-size-default\">Arbeiten im Zentrum<br>f\u00fcr Infektiologie<\/h1>\t\t<\/div>\n\t\t\t\t<\/div>\n\t\t\t\t<div class=\"elementor-element elementor-element-c1561e9 elementor-widget elementor-widget-spacer\" data-id=\"c1561e9\" data-element_type=\"widget\" data-widget_type=\"spacer.default\">\n\t\t\t\t<div class=\"elementor-widget-container\">\n\t\t\t\t\t<div class=\"elementor-spacer\">\n\t\t\t<div class=\"elementor-spacer-inner\"><\/div>\n\t\t<\/div>\n\t\t\t\t<\/div>\n\t\t\t\t<\/div>\n\t\t\t\t\t<\/div>\n\t\t<\/div>\n\t\t\t\t\t\t\t<\/div>\n\t\t<\/section>\n\t\t\t\t<section class=\"elementor-section elementor-top-section elementor-element elementor-element-9125d59 elementor-section-boxed elementor-section-height-default elementor-section-height-default qodef-elementor-content-no\" data-id=\"9125d59\" data-element_type=\"section\">\n\t\t\t\t\t\t<div class=\"elementor-container elementor-column-gap-default\">\n\t\t\t\t\t<div class=\"elementor-column elementor-col-100 elementor-top-column elementor-element elementor-element-595555b\" data-id=\"595555b\" data-element_type=\"column\">\n\t\t\t<div class=\"elementor-widget-wrap elementor-element-populated\">\n\t\t\t\t\t\t\t\t<div class=\"elementor-element elementor-element-5362033 elementor-widget elementor-widget-spacer\" data-id=\"5362033\" data-element_type=\"widget\" data-widget_type=\"spacer.default\">\n\t\t\t\t<div class=\"elementor-widget-container\">\n\t\t\t\t\t<div class=\"elementor-spacer\">\n\t\t\t<div class=\"elementor-spacer-inner\"><\/div>\n\t\t<\/div>\n\t\t\t\t<\/div>\n\t\t\t\t<\/div>\n\t\t\t\t<div class=\"elementor-element elementor-element-b8f88b6 elementor-widget elementor-widget-text-editor\" data-id=\"b8f88b6\" data-element_type=\"widget\" data-widget_type=\"text-editor.default\">\n\t\t\t\t<div class=\"elementor-widget-container\">\n\t\t\t<style>\/*! elementor - v3.14.0 - 26-06-2023 *\/\n.elementor-widget-text-editor.elementor-drop-cap-view-stacked .elementor-drop-cap{background-color:#69727d;color:#fff}.elementor-widget-text-editor.elementor-drop-cap-view-framed .elementor-drop-cap{color:#69727d;border:3px solid;background-color:transparent}.elementor-widget-text-editor:not(.elementor-drop-cap-view-default) .elementor-drop-cap{margin-top:8px}.elementor-widget-text-editor:not(.elementor-drop-cap-view-default) .elementor-drop-cap-letter{width:1em;height:1em}.elementor-widget-text-editor .elementor-drop-cap{float:left;text-align:center;line-height:1;font-size:50px}.elementor-widget-text-editor .elementor-drop-cap-letter{display:inline-block}<\/style>\t\t\t\t<p>Wir sind ein facettenreiches Team aus \u00c4rzt:innen, Medizinischen Fachangestellten, Sachbearbeiter:innen f\u00fcr Verwaltung, medizinisch-technischen Laboratoriumsassistent:innen und Studienmitarbeiter:innen. Unser Schwerpunkt liegt auf infektiologischen Krankheitsbildern, insbesondere HIV\/AIDS und Hepatitis. Gemeinsam mit Ihnen wollen wir den medizinischen Fortschritt vorantreiben und eine bestm\u00f6gliche, den Patient:innen zugewandte Versorgung gew\u00e4hrleisten. Dabei legen wir Wert auf einen interdisziplin\u00e4ren Austausch der einzelnen Fachbereiche und die fachliche Entwicklung aller Mitarbeitenden.<\/p><p>Als Akademische Lehrpraxis der Charit\u00e9 Berlin k\u00f6nnen wir Student:innen der entsprechenden Studieng\u00e4nge Fachpraktika im Zentrum f\u00fcr Infektiologie anbieten.<\/p><p>Bitte richten Sie Ihre Bewerbung an: <a href=\"mailto:bewerbung@zfi-berlin.de\">bewerbung@zfi-berlin.de<\/a><\/p>\t\t\t\t\t\t<\/div>\n\t\t\t\t<\/div>\n\t\t\t\t<div class=\"elementor-element elementor-element-7778ff3 elementor-widget elementor-widget-text-editor\" data-id=\"7778ff3\" data-element_type=\"widget\" data-widget_type=\"text-editor.default\">\n\t\t\t\t<div class=\"elementor-widget-container\">\n\t\t\t\t\t\t\t<p><strong>Ansprechpartnerin<\/strong><\/p><p>Simone Lisy<br \/>Verwaltungsleitung<br \/>Telefon: <a href=\"tel:+4930233212571\">(030) 233 212\u2013571<\/a><br \/>E-Mail:<a href=\"mailto:lisy@zfi-berlin.de\"> bewerbung@zfi-berlin.de<\/a><\/p>\t\t\t\t\t\t<\/div>\n\t\t\t\t<\/div>\n\t\t\t\t\t<\/div>\n\t\t<\/div>\n\t\t\t\t\t\t\t<\/div>\n\t\t<\/section>\n\t\t\t\t<section class=\"elementor-section elementor-top-section elementor-element elementor-element-169d2f3 elementor-section-boxed elementor-section-height-default elementor-section-height-default qodef-elementor-content-no\" data-id=\"169d2f3\" data-element_type=\"section\" data-settings=\"{&quot;background_background&quot;:&quot;classic&quot;}\">\n\t\t\t\t\t\t<div class=\"elementor-container elementor-column-gap-default\">\n\t\t\t\t\t<div class=\"elementor-column elementor-col-50 elementor-top-column elementor-element elementor-element-6dbce61\" data-id=\"6dbce61\" data-element_type=\"column\">\n\t\t\t<div class=\"elementor-widget-wrap elementor-element-populated\">\n\t\t\t\t\t\t\t\t<div class=\"elementor-element elementor-element-c5b0e77 elementor-widget elementor-widget-heading\" data-id=\"c5b0e77\" data-element_type=\"widget\" data-widget_type=\"heading.default\">\n\t\t\t\t<div class=\"elementor-widget-container\">\n\t\t\t<h2 class=\"elementor-heading-title elementor-size-default\">Unsere offenen Stellen<\/h2>\t\t<\/div>\n\t\t\t\t<\/div>\n\t\t\t\t<div class=\"elementor-element elementor-element-d19dfcf elementor-widget elementor-widget-text-editor\" data-id=\"d19dfcf\" data-element_type=\"widget\" data-widget_type=\"text-editor.default\">\n\t\t\t\t<div class=\"elementor-widget-container\">\n\t\t\t\t\t\t\t<h6><strong>Stellenangebot in unserer Praxis<br \/><\/strong><\/h6><h6><strong><a href=\"https:\/\/zfi-berlin.de\/praxis-berlin\/wp-content\/uploads\/sites\/3\/2026\/02\/2026_02_Stellenausschreibung_Sachbearbeitung_final.pdf\">Kaufm\u00e4nnische Sachbearbeitung (m\/w\/d) in unserer Verwaltung<\/a><\/strong><\/h6><h6><strong><a href=\"https:\/\/zfi-berlin.de\/praxis-berlin\/wp-content\/uploads\/sites\/3\/2025\/04\/Stellenausschreibung_Azubi_MFA_2025_04.pdf\">Auszubildende (m\/w\/d) zum\/zur Medizinischen Fachangestellten<\/a><\/strong><\/h6>\t\t\t\t\t\t<\/div>\n\t\t\t\t<\/div>\n\t\t\t\t\t<\/div>\n\t\t<\/div>\n\t\t\t\t<div class=\"elementor-column elementor-col-50 elementor-top-column elementor-element elementor-element-22d87dd\" data-id=\"22d87dd\" data-element_type=\"column\">\n\t\t\t<div class=\"elementor-widget-wrap elementor-element-populated\">\n\t\t\t\t\t\t\t\t<div class=\"elementor-element elementor-element-87c658e elementor-widget elementor-widget-heading\" data-id=\"87c658e\" data-element_type=\"widget\" data-widget_type=\"heading.default\">\n\t\t\t\t<div class=\"elementor-widget-container\">\n\t\t\t<h2 class=\"elementor-heading-title elementor-size-default\">.<\/h2>\t\t<\/div>\n\t\t\t\t<\/div>\n\t\t\t\t<div class=\"elementor-element elementor-element-57fca67 elementor-widget elementor-widget-text-editor\" data-id=\"57fca67\" data-element_type=\"widget\" data-widget_type=\"text-editor.default\">\n\t\t\t\t<div class=\"elementor-widget-container\">\n\t\t\t\t\t\t\t<h6><strong>Stellenangebot in unserem Labor<\/strong><\/h6><h6><strong><a href=\"https:\/\/zfi-berlin.de\/praxis-berlin\/wp-content\/uploads\/sites\/3\/2025\/12\/25_10_Stellenausschreibung_Laborarzt.pdf\">Laborarzt\/-\u00e4rztin (m\/w\/d) f\u00fcr unser diagnostisches Labor Berlin<\/a><\/strong><\/h6><h6><a href=\"https:\/\/zfi-berlin.de\/praxis-berlin\/wp-content\/uploads\/sites\/3\/2025\/12\/25_11_Stellenausschreibung_Berlin_MTL.pdf\"><strong>Medizinische Technolog:in (m\/w\/d) f\u00fcr unser diagnostisches Labor Berlin<\/strong><\/a><\/h6><h6><a href=\"https:\/\/zfi-berlin.de\/praxis-berlin\/wp-content\/uploads\/sites\/3\/2025\/10\/25_10_Stellenausschreibung_LN_MTL.pdf\"><strong>Medizinische Technolog:in (m\/w\/d) f\u00fcr unser diagnostisches Labor Nuthetal<\/strong><\/a><\/h6>\t\t\t\t\t\t<\/div>\n\t\t\t\t<\/div>\n\t\t\t\t\t<\/div>\n\t\t<\/div>\n\t\t\t\t\t\t\t<\/div>\n\t\t<\/section>\n\t\t\t\t<section class=\"elementor-section elementor-top-section elementor-element elementor-element-3875fd2 elementor-section-boxed elementor-section-height-default elementor-section-height-default qodef-elementor-content-no\" data-id=\"3875fd2\" data-element_type=\"section\">\n\t\t\t\t\t\t<div class=\"elementor-container elementor-column-gap-default\">\n\t\t\t\t\t<div class=\"elementor-column elementor-col-100 elementor-top-column elementor-element elementor-element-b2055b1\" data-id=\"b2055b1\" data-element_type=\"column\">\n\t\t\t<div class=\"elementor-widget-wrap elementor-element-populated\">\n\t\t\t\t\t\t\t\t<div class=\"elementor-element elementor-element-595e96e elementor-widget elementor-widget-heading\" data-id=\"595e96e\" data-element_type=\"widget\" data-widget_type=\"heading.default\">\n\t\t\t\t<div class=\"elementor-widget-container\">\n\t\t\t<h2 class=\"elementor-heading-title elementor-size-default\">Was wir bieten<\/h2>\t\t<\/div>\n\t\t\t\t<\/div>\n\t\t\t\t<div class=\"elementor-element elementor-element-ce469e1 elementor-widget elementor-widget-text-editor\" data-id=\"ce469e1\" data-element_type=\"widget\" data-widget_type=\"text-editor.default\">\n\t\t\t\t<div class=\"elementor-widget-container\">\n\t\t\t\t\t\t\t<ul><li>Spannendes Arbeitsumfeld<\/li><li>Breites medizinisches Behandlungsspektrum<\/li><li>Gro\u00dfes, interdisziplin\u00e4res Team<\/li><li>Moderne, wissenschaftsbasierte Medizin, die von unseren Studien begleitet wird<\/li><li>M\u00f6glichkeit, individuelle Schwerpunkte zu entwickeln<\/li><li>Keine Nachtschichten oder Wochenenddienste im Labor<\/li><\/ul>\t\t\t\t\t\t<\/div>\n\t\t\t\t<\/div>\n\t\t\t\t\t<\/div>\n\t\t<\/div>\n\t\t\t\t\t\t\t<\/div>\n\t\t<\/section>\n\t\t\t\t\t\t\t<\/div>\n\t\t","protected":false},"excerpt":{"rendered":"<p>Arbeiten im Zentrumf\u00fcr Infektiologie Arbeiten im Zentrumf\u00fcr Infektiologie Wir sind ein facettenreiches Team aus \u00c4rzt:innen, Medizinischen Fachangestellten, Sachbearbeiter:innen f\u00fcr Verwaltung, medizinisch-technischen Laboratoriumsassistent:innen und Studienmitarbeiter:innen. Unser Schwerpunkt liegt auf infektiologischen Krankheitsbildern, insbesondere HIV\/AIDS und Hepatitis. Gemeinsam mit Ihnen wollen wir den medizinischen Fortschritt vorantreiben und eine bestm\u00f6gliche, den Patient:innen zugewandte Versorgung gew\u00e4hrleisten. Dabei legen wir Wert [&hellip;]<\/p>\n","protected":false},"author":3,"featured_media":13174,"parent":0,"menu_order":0,"comment_status":"closed","ping_status":"closed","template":"page-full-width.php","meta":[],"yoast_head":"<!-- This site is optimized with the Yoast SEO plugin v20.10 - https:\/\/yoast.com\/wordpress\/plugins\/seo\/ -->\n<title>Jobs - Praxis Berlin<\/title>\n<meta name=\"description\" content=\"Entdecken Sie offene Stellen beim Zentrum f\u00fcr Infektiologie in Berlin entdecken. \u00bb Jetzt Jobs anschauen und bewerben.\" \/>\n<meta name=\"robots\" content=\"index, follow, max-snippet:-1, max-image-preview:large, max-video-preview:-1\" \/>\n<link rel=\"canonical\" href=\"https:\/\/zfi-berlin.de\/praxis-berlin\/jobs\/\" \/>\n<meta property=\"og:locale\" content=\"de_DE\" \/>\n<meta property=\"og:type\" content=\"article\" \/>\n<meta property=\"og:title\" content=\"Jobs - Praxis Berlin\" \/>\n<meta property=\"og:description\" content=\"Entdecken Sie offene Stellen beim Zentrum f\u00fcr Infektiologie in Berlin entdecken. \u00bb Jetzt Jobs anschauen und bewerben.\" \/>\n<meta property=\"og:url\" content=\"https:\/\/zfi-berlin.de\/praxis-berlin\/jobs\/\" \/>\n<meta property=\"og:site_name\" content=\"Praxis Berlin\" \/>\n<meta property=\"article:modified_time\" content=\"2026-03-16T12:51:39+00:00\" \/>\n<meta property=\"og:image\" content=\"https:\/\/zfi-berlin.de\/praxis-berlin\/wp-content\/uploads\/sites\/3\/2022\/05\/Zentrum-Infektiologie_Favicon_Praxis.png\" \/>\n\t<meta property=\"og:image:width\" content=\"151\" \/>\n\t<meta property=\"og:image:height\" content=\"151\" \/>\n\t<meta property=\"og:image:type\" content=\"image\/png\" \/>\n<meta name=\"twitter:card\" content=\"summary_large_image\" \/>\n<meta name=\"twitter:label1\" content=\"Gesch\u00e4tzte Lesezeit\" \/>\n\t<meta name=\"twitter:data1\" content=\"2\u00a0Minuten\" \/>\n<script type=\"application\/ld+json\" class=\"yoast-schema-graph\">{\"@context\":\"https:\/\/schema.org\",\"@graph\":[{\"@type\":\"WebPage\",\"@id\":\"https:\/\/zfi-berlin.de\/praxis-berlin\/jobs\/\",\"url\":\"https:\/\/zfi-berlin.de\/praxis-berlin\/jobs\/\",\"name\":\"Jobs - Praxis Berlin\",\"isPartOf\":{\"@id\":\"https:\/\/zfi-berlin.de\/praxis-berlin\/#website\"},\"datePublished\":\"2022-09-22T08:44:09+00:00\",\"dateModified\":\"2026-03-16T12:51:39+00:00\",\"description\":\"Entdecken Sie offene Stellen beim Zentrum f\u00fcr Infektiologie in Berlin entdecken. \u00bb Jetzt Jobs anschauen und bewerben.\",\"breadcrumb\":{\"@id\":\"https:\/\/zfi-berlin.de\/praxis-berlin\/jobs\/#breadcrumb\"},\"inLanguage\":\"de\",\"potentialAction\":[{\"@type\":\"ReadAction\",\"target\":[\"https:\/\/zfi-berlin.de\/praxis-berlin\/jobs\/\"]}]},{\"@type\":\"BreadcrumbList\",\"@id\":\"https:\/\/zfi-berlin.de\/praxis-berlin\/jobs\/#breadcrumb\",\"itemListElement\":[{\"@type\":\"ListItem\",\"position\":1,\"name\":\"Startseite\",\"item\":\"https:\/\/zfi-berlin.de\/praxis-berlin\/\"},{\"@type\":\"ListItem\",\"position\":2,\"name\":\"Jobs\"}]},{\"@type\":\"WebSite\",\"@id\":\"https:\/\/zfi-berlin.de\/praxis-berlin\/#website\",\"url\":\"https:\/\/zfi-berlin.de\/praxis-berlin\/\",\"name\":\"Praxis Berlin\",\"description\":\"Zentrum f\u00fcr Infektiologie Praxis Berlin\",\"publisher\":{\"@id\":\"https:\/\/zfi-berlin.de\/praxis-berlin\/#organization\"},\"potentialAction\":[{\"@type\":\"SearchAction\",\"target\":{\"@type\":\"EntryPoint\",\"urlTemplate\":\"https:\/\/zfi-berlin.de\/praxis-berlin\/?s={search_term_string}\"},\"query-input\":\"required name=search_term_string\"}],\"inLanguage\":\"de\"},{\"@type\":\"Organization\",\"@id\":\"https:\/\/zfi-berlin.de\/praxis-berlin\/#organization\",\"name\":\"Zentrum f\u00fcr Infektiologie\",\"url\":\"https:\/\/zfi-berlin.de\/praxis-berlin\/\",\"logo\":{\"@type\":\"ImageObject\",\"inLanguage\":\"de\",\"@id\":\"https:\/\/zfi-berlin.de\/praxis-berlin\/#\/schema\/logo\/image\/\",\"url\":\"https:\/\/zfi-berlin.de\/praxis-berlin\/wp-content\/uploads\/sites\/3\/2022\/05\/Zentrum-Infektiologie_Praxis-Berlin_Logo.png\",\"contentUrl\":\"https:\/\/zfi-berlin.de\/praxis-berlin\/wp-content\/uploads\/sites\/3\/2022\/05\/Zentrum-Infektiologie_Praxis-Berlin_Logo.png\",\"width\":4216,\"height\":2730,\"caption\":\"Zentrum f\u00fcr Infektiologie\"},\"image\":{\"@id\":\"https:\/\/zfi-berlin.de\/praxis-berlin\/#\/schema\/logo\/image\/\"}}]}<\/script>\n<!-- \/ Yoast SEO plugin. -->","yoast_head_json":{"title":"Jobs - Praxis Berlin","description":"Entdecken Sie offene Stellen beim Zentrum f\u00fcr Infektiologie in Berlin entdecken. \u00bb Jetzt Jobs anschauen und bewerben.","robots":{"index":"index","follow":"follow","max-snippet":"max-snippet:-1","max-image-preview":"max-image-preview:large","max-video-preview":"max-video-preview:-1"},"canonical":"https:\/\/zfi-berlin.de\/praxis-berlin\/jobs\/","og_locale":"de_DE","og_type":"article","og_title":"Jobs - Praxis Berlin","og_description":"Entdecken Sie offene Stellen beim Zentrum f\u00fcr Infektiologie in Berlin entdecken. \u00bb Jetzt Jobs anschauen und bewerben.","og_url":"https:\/\/zfi-berlin.de\/praxis-berlin\/jobs\/","og_site_name":"Praxis Berlin","article_modified_time":"2026-03-16T12:51:39+00:00","og_image":[{"width":151,"height":151,"url":"https:\/\/zfi-berlin.de\/praxis-berlin\/wp-content\/uploads\/sites\/3\/2022\/05\/Zentrum-Infektiologie_Favicon_Praxis.png","type":"image\/png"}],"twitter_card":"summary_large_image","twitter_misc":{"Gesch\u00e4tzte Lesezeit":"2\u00a0Minuten"},"schema":{"@context":"https:\/\/schema.org","@graph":[{"@type":"WebPage","@id":"https:\/\/zfi-berlin.de\/praxis-berlin\/jobs\/","url":"https:\/\/zfi-berlin.de\/praxis-berlin\/jobs\/","name":"Jobs - Praxis Berlin","isPartOf":{"@id":"https:\/\/zfi-berlin.de\/praxis-berlin\/#website"},"datePublished":"2022-09-22T08:44:09+00:00","dateModified":"2026-03-16T12:51:39+00:00","description":"Entdecken Sie offene Stellen beim Zentrum f\u00fcr Infektiologie in Berlin entdecken. \u00bb Jetzt Jobs anschauen und bewerben.","breadcrumb":{"@id":"https:\/\/zfi-berlin.de\/praxis-berlin\/jobs\/#breadcrumb"},"inLanguage":"de","potentialAction":[{"@type":"ReadAction","target":["https:\/\/zfi-berlin.de\/praxis-berlin\/jobs\/"]}]},{"@type":"BreadcrumbList","@id":"https:\/\/zfi-berlin.de\/praxis-berlin\/jobs\/#breadcrumb","itemListElement":[{"@type":"ListItem","position":1,"name":"Startseite","item":"https:\/\/zfi-berlin.de\/praxis-berlin\/"},{"@type":"ListItem","position":2,"name":"Jobs"}]},{"@type":"WebSite","@id":"https:\/\/zfi-berlin.de\/praxis-berlin\/#website","url":"https:\/\/zfi-berlin.de\/praxis-berlin\/","name":"Praxis Berlin","description":"Zentrum f\u00fcr Infektiologie Praxis Berlin","publisher":{"@id":"https:\/\/zfi-berlin.de\/praxis-berlin\/#organization"},"potentialAction":[{"@type":"SearchAction","target":{"@type":"EntryPoint","urlTemplate":"https:\/\/zfi-berlin.de\/praxis-berlin\/?s={search_term_string}"},"query-input":"required name=search_term_string"}],"inLanguage":"de"},{"@type":"Organization","@id":"https:\/\/zfi-berlin.de\/praxis-berlin\/#organization","name":"Zentrum f\u00fcr Infektiologie","url":"https:\/\/zfi-berlin.de\/praxis-berlin\/","logo":{"@type":"ImageObject","inLanguage":"de","@id":"https:\/\/zfi-berlin.de\/praxis-berlin\/#\/schema\/logo\/image\/","url":"https:\/\/zfi-berlin.de\/praxis-berlin\/wp-content\/uploads\/sites\/3\/2022\/05\/Zentrum-Infektiologie_Praxis-Berlin_Logo.png","contentUrl":"https:\/\/zfi-berlin.de\/praxis-berlin\/wp-content\/uploads\/sites\/3\/2022\/05\/Zentrum-Infektiologie_Praxis-Berlin_Logo.png","width":4216,"height":2730,"caption":"Zentrum f\u00fcr Infektiologie"},"image":{"@id":"https:\/\/zfi-berlin.de\/praxis-berlin\/#\/schema\/logo\/image\/"}}]}},"_links":{"self":[{"href":"https:\/\/zfi-berlin.de\/praxis-berlin\/wp-json\/wp\/v2\/pages\/14846"}],"collection":[{"href":"https:\/\/zfi-berlin.de\/praxis-berlin\/wp-json\/wp\/v2\/pages"}],"about":[{"href":"https:\/\/zfi-berlin.de\/praxis-berlin\/wp-json\/wp\/v2\/types\/page"}],"author":[{"embeddable":true,"href":"https:\/\/zfi-berlin.de\/praxis-berlin\/wp-json\/wp\/v2\/users\/3"}],"replies":[{"embeddable":true,"href":"https:\/\/zfi-berlin.de\/praxis-berlin\/wp-json\/wp\/v2\/comments?post=14846"}],"version-history":[{"count":10,"href":"https:\/\/zfi-berlin.de\/praxis-berlin\/wp-json\/wp\/v2\/pages\/14846\/revisions"}],"predecessor-version":[{"id":19830,"href":"https:\/\/zfi-berlin.de\/praxis-berlin\/wp-json\/wp\/v2\/pages\/14846\/revisions\/19830"}],"wp:featuredmedia":[{"embeddable":true,"href":"https:\/\/zfi-berlin.de\/praxis-berlin\/wp-json\/wp\/v2\/media\/13174"}],"wp:attachment":[{"href":"https:\/\/zfi-berlin.de\/praxis-berlin\/wp-json\/wp\/v2\/media?parent=14846"}],"curies":[{"name":"wp","href":"https:\/\/api.w.org\/{rel}","templated":true}]}}